{"id":59,"date":"2020-03-06T20:21:35","date_gmt":"2020-03-06T19:21:35","guid":{"rendered":"http:\/\/stumpp-stuttgart.de\/?page_id=59"},"modified":"2020-06-05T11:44:31","modified_gmt":"2020-06-05T09:44:31","slug":"immobilien-und-grundstuecksrecht","status":"publish","type":"page","link":"https:\/\/stumpp-stuttgart.de\/index.php\/immobilien-und-grundstuecksrecht\/","title":{"rendered":"Immobilien- und Grundst\u00fccksrecht"},"content":{"rendered":"\t\t<div data-elementor-type=\"wp-page\" data-elementor-id=\"59\" class=\"elementor elementor-59\">\n\t\t\t\t\t\t<section class=\"elementor-section elementor-top-section elementor-element elementor-element-9fd3bcb elementor-section-boxed elementor-section-height-default elementor-section-height-default\" data-id=\"9fd3bcb\" data-element_type=\"section\" data-e-type=\"section\">\n\t\t\t\t\t\t<div class=\"elementor-container elementor-column-gap-default\">\n\t\t\t\t\t<div class=\"elementor-column elementor-col-100 elementor-top-column elementor-element elementor-element-9ffe690\" data-id=\"9ffe690\" data-element_type=\"column\" data-e-type=\"column\">\n\t\t\t<div class=\"elementor-widget-wrap elementor-element-populated\">\n\t\t\t\t\t\t<div class=\"elementor-element elementor-element-e53d534 elementor-widget elementor-widget-image\" data-id=\"e53d534\" data-element_type=\"widget\" data-e-type=\"widget\" data-widget_type=\"image.default\">\n\t\t\t\t<div class=\"elementor-widget-container\">\n\t\t\t\t\t\t\t\t\t\t\t\t\t\t\t<img fetchpriority=\"high\" decoding=\"async\" width=\"1400\" height=\"300\" src=\"https:\/\/stumpp-stuttgart.de\/wp-content\/uploads\/2020\/04\/schmal_immo2.jpg\" class=\"attachment-full size-full wp-image-857\" alt=\"\" srcset=\"https:\/\/stumpp-stuttgart.de\/wp-content\/uploads\/2020\/04\/schmal_immo2.jpg 1400w, https:\/\/stumpp-stuttgart.de\/wp-content\/uploads\/2020\/04\/schmal_immo2-300x64.jpg 300w, https:\/\/stumpp-stuttgart.de\/wp-content\/uploads\/2020\/04\/schmal_immo2-1024x219.jpg 1024w, https:\/\/stumpp-stuttgart.de\/wp-content\/uploads\/2020\/04\/schmal_immo2-768x165.jpg 768w\" sizes=\"(max-width: 1400px) 100vw, 1400px\" \/>\t\t\t\t\t\t\t\t\t\t\t\t\t\t\t<\/div>\n\t\t\t\t<\/div>\n\t\t\t\t\t<\/div>\n\t\t<\/div>\n\t\t\t\t\t<\/div>\n\t\t<\/section>\n\t\t\t\t<section class=\"elementor-section elementor-top-section elementor-element elementor-element-2913bf0 elementor-section-boxed elementor-section-height-default elementor-section-height-default\" data-id=\"2913bf0\" data-element_type=\"section\" data-e-type=\"section\">\n\t\t\t\t\t\t<div class=\"elementor-container elementor-column-gap-default\">\n\t\t\t\t\t<div class=\"elementor-column elementor-col-100 elementor-top-column elementor-element elementor-element-47d56d1\" data-id=\"47d56d1\" data-element_type=\"column\" data-e-type=\"column\">\n\t\t\t<div class=\"elementor-widget-wrap elementor-element-populated\">\n\t\t\t\t\t\t<div class=\"elementor-element elementor-element-adf05bb elementor-widget elementor-widget-text-editor\" data-id=\"adf05bb\" data-element_type=\"widget\" data-e-type=\"widget\" data-widget_type=\"text-editor.default\">\n\t\t\t\t<div class=\"elementor-widget-container\">\n\t\t\t\t\t\t\t\t\t<h3>Kauf | Verkauf | Erbfolge | Grundschulden | Sachm\u00e4ngel | Versteigerung | Makler<\/h3>\t\t\t\t\t\t\t\t<\/div>\n\t\t\t\t<\/div>\n\t\t\t\t\t<\/div>\n\t\t<\/div>\n\t\t\t\t\t<\/div>\n\t\t<\/section>\n\t\t\t\t<section class=\"elementor-section elementor-top-section elementor-element elementor-element-3368cae elementor-section-boxed elementor-section-height-default elementor-section-height-default\" data-id=\"3368cae\" data-element_type=\"section\" data-e-type=\"section\">\n\t\t\t\t\t\t<div class=\"elementor-container elementor-column-gap-default\">\n\t\t\t\t\t<div class=\"elementor-column elementor-col-100 elementor-top-column elementor-element elementor-element-2e8ea28\" data-id=\"2e8ea28\" data-element_type=\"column\" data-e-type=\"column\">\n\t\t\t<div class=\"elementor-widget-wrap elementor-element-populated\">\n\t\t\t\t\t\t<div class=\"elementor-element elementor-element-0b157a2 elementor-widget elementor-widget-text-editor\" data-id=\"0b157a2\" data-element_type=\"widget\" data-e-type=\"widget\" data-widget_type=\"text-editor.default\">\n\t\t\t\t<div class=\"elementor-widget-container\">\n\t\t\t\t\t\t\t\t\t<p>Gest\u00fctzt auf langj\u00e4hrige Erfahrung bieten wir Ihnen kompetente Beratung und Vertretung rund um Ihre Immobilie (Grundst\u00fcck oder Eigentumswohnung), insbesondere \u00a0\u00a0<\/p><ul><li>bei einem beabsichtigten Immobilienverkauf oder -erwerb<\/li><li>bei \u00dcbertragungen im Wege der vorweggenommenen Erbfolge<\/li><li>bei der Belastung von Immobilien, insbesondere durch Grundschulden<\/li><li>bei Schadenersatzanspr\u00fcchen wegen Rechts- oder Sachm\u00e4ngeln oder auf Grund gescheiterter Vertr\u00e4ge<\/li><li>bei der Zwangs- oder Teilungsversteigerung von Immobilien<\/li><\/ul><p>Setzen Sie sich bei Bedarf bitte mit uns in Verbindung; wir haben auch kurzfristig Termine f\u00fcr Sie frei. Wir freuen uns auf Ihren Anruf (0711 248 959 20) oder\u00a0 <a href=\"http:\/\/stumpp-stuttgart.de\/index.php\/kontakt\/\">Kontakt.<\/a><\/p>\t\t\t\t\t\t\t\t<\/div>\n\t\t\t\t<\/div>\n\t\t\t\t\t<\/div>\n\t\t<\/div>\n\t\t\t\t\t<\/div>\n\t\t<\/section>\n\t\t\t\t<\/div>\n\t\t","protected":false},"excerpt":{"rendered":"<p>Kauf | Verkauf | Erbfolge | Grundschulden | Sachm\u00e4ngel | Versteigerung | Makler Gest\u00fctzt auf langj\u00e4hrige Erfahrung bieten wir Ihnen kompetente Beratung und Vertretung rund um Ihre Immobilie (Grundst\u00fcck oder Eigentumswohnung), insbesondere &nbsp;&nbsp; bei einem beabsichtigten Immobilienverkauf oder -erwerb bei<\/p>\n","protected":false},"author":3,"featured_media":0,"parent":0,"menu_order":0,"comment_status":"closed","ping_status":"closed","template":"","meta":{"footnotes":""},"class_list":["post-59","page","type-page","status-publish","hentry"],"yoast_head":"<!-- This site is optimized with the Yoast SEO plugin v27.4 - https:\/\/yoast.com\/product\/yoast-seo-wordpress\/ -->\n<title>Immobilien- und Grundst\u00fccksrecht -<\/title>\n<meta name=\"robots\" content=\"index, follow, max-snippet:-1, max-image-preview:large, max-video-preview:-1\" \/>\n<link rel=\"canonical\" href=\"https:\/\/stumpp-stuttgart.de\/index.php\/immobilien-und-grundstuecksrecht\/\" \/>\n<meta property=\"og:locale\" content=\"de_DE\" \/>\n<meta property=\"og:type\" content=\"article\" \/>\n<meta property=\"og:title\" content=\"Immobilien- und Grundst\u00fccksrecht -\" \/>\n<meta property=\"og:description\" content=\"Kauf | Verkauf | Erbfolge | Grundschulden | Sachm\u00e4ngel | Versteigerung | Makler Gest\u00fctzt auf langj\u00e4hrige Erfahrung bieten wir Ihnen kompetente Beratung und Vertretung rund um Ihre Immobilie (Grundst\u00fcck oder Eigentumswohnung), insbesondere &nbsp;&nbsp; bei einem beabsichtigten Immobilienverkauf oder -erwerb bei\" \/>\n<meta property=\"og:url\" content=\"https:\/\/stumpp-stuttgart.de\/index.php\/immobilien-und-grundstuecksrecht\/\" \/>\n<meta property=\"article:modified_time\" content=\"2020-06-05T09:44:31+00:00\" \/>\n<meta property=\"og:image\" content=\"https:\/\/stumpp-stuttgart.de\/wp-content\/uploads\/2020\/04\/schmal_immo2.jpg\" \/>\n<meta name=\"twitter:card\" content=\"summary_large_image\" \/>\n<meta name=\"twitter:label1\" content=\"Gesch\u00e4tzte Lesezeit\" \/>\n\t<meta name=\"twitter:data1\" content=\"1\u00a0Minute\" \/>\n<script type=\"application\/ld+json\" class=\"yoast-schema-graph\">{\"@context\":\"https:\\\/\\\/schema.org\",\"@graph\":[{\"@type\":\"WebPage\",\"@id\":\"https:\\\/\\\/stumpp-stuttgart.de\\\/index.php\\\/immobilien-und-grundstuecksrecht\\\/\",\"url\":\"https:\\\/\\\/stumpp-stuttgart.de\\\/index.php\\\/immobilien-und-grundstuecksrecht\\\/\",\"name\":\"Immobilien- und Grundst\u00fccksrecht -\",\"isPartOf\":{\"@id\":\"https:\\\/\\\/stumpp-stuttgart.de\\\/#website\"},\"primaryImageOfPage\":{\"@id\":\"https:\\\/\\\/stumpp-stuttgart.de\\\/index.php\\\/immobilien-und-grundstuecksrecht\\\/#primaryimage\"},\"image\":{\"@id\":\"https:\\\/\\\/stumpp-stuttgart.de\\\/index.php\\\/immobilien-und-grundstuecksrecht\\\/#primaryimage\"},\"thumbnailUrl\":\"https:\\\/\\\/stumpp-stuttgart.de\\\/wp-content\\\/uploads\\\/2020\\\/04\\\/schmal_immo2.jpg\",\"datePublished\":\"2020-03-06T19:21:35+00:00\",\"dateModified\":\"2020-06-05T09:44:31+00:00\",\"breadcrumb\":{\"@id\":\"https:\\\/\\\/stumpp-stuttgart.de\\\/index.php\\\/immobilien-und-grundstuecksrecht\\\/#breadcrumb\"},\"inLanguage\":\"de\",\"potentialAction\":[{\"@type\":\"ReadAction\",\"target\":[\"https:\\\/\\\/stumpp-stuttgart.de\\\/index.php\\\/immobilien-und-grundstuecksrecht\\\/\"]}]},{\"@type\":\"ImageObject\",\"inLanguage\":\"de\",\"@id\":\"https:\\\/\\\/stumpp-stuttgart.de\\\/index.php\\\/immobilien-und-grundstuecksrecht\\\/#primaryimage\",\"url\":\"https:\\\/\\\/stumpp-stuttgart.de\\\/wp-content\\\/uploads\\\/2020\\\/04\\\/schmal_immo2.jpg\",\"contentUrl\":\"https:\\\/\\\/stumpp-stuttgart.de\\\/wp-content\\\/uploads\\\/2020\\\/04\\\/schmal_immo2.jpg\",\"width\":1400,\"height\":300},{\"@type\":\"BreadcrumbList\",\"@id\":\"https:\\\/\\\/stumpp-stuttgart.de\\\/index.php\\\/immobilien-und-grundstuecksrecht\\\/#breadcrumb\",\"itemListElement\":[{\"@type\":\"ListItem\",\"position\":1,\"name\":\"Startseite\",\"item\":\"https:\\\/\\\/stumpp-stuttgart.de\\\/\"},{\"@type\":\"ListItem\",\"position\":2,\"name\":\"Immobilien- und Grundst\u00fccksrecht\"}]},{\"@type\":\"WebSite\",\"@id\":\"https:\\\/\\\/stumpp-stuttgart.de\\\/#website\",\"url\":\"https:\\\/\\\/stumpp-stuttgart.de\\\/\",\"name\":\"\",\"description\":\"Stumpp-Stuttgart   Anwalts- und Notarkanzlei\",\"potentialAction\":[{\"@type\":\"SearchAction\",\"target\":{\"@type\":\"EntryPoint\",\"urlTemplate\":\"https:\\\/\\\/stumpp-stuttgart.de\\\/?s={search_term_string}\"},\"query-input\":{\"@type\":\"PropertyValueSpecification\",\"valueRequired\":true,\"valueName\":\"search_term_string\"}}],\"inLanguage\":\"de\"}]}<\/script>\n<!-- \/ Yoast SEO plugin. -->","yoast_head_json":{"title":"Immobilien- und Grundst\u00fccksrecht -","robots":{"index":"index","follow":"follow","max-snippet":"max-snippet:-1","max-image-preview":"max-image-preview:large","max-video-preview":"max-video-preview:-1"},"canonical":"https:\/\/stumpp-stuttgart.de\/index.php\/immobilien-und-grundstuecksrecht\/","og_locale":"de_DE","og_type":"article","og_title":"Immobilien- und Grundst\u00fccksrecht -","og_description":"Kauf | Verkauf | Erbfolge | Grundschulden | Sachm\u00e4ngel | Versteigerung | Makler Gest\u00fctzt auf langj\u00e4hrige Erfahrung bieten wir Ihnen kompetente Beratung und Vertretung rund um Ihre Immobilie (Grundst\u00fcck oder Eigentumswohnung), insbesondere &nbsp;&nbsp; bei einem beabsichtigten Immobilienverkauf oder -erwerb bei","og_url":"https:\/\/stumpp-stuttgart.de\/index.php\/immobilien-und-grundstuecksrecht\/","article_modified_time":"2020-06-05T09:44:31+00:00","og_image":[{"url":"https:\/\/stumpp-stuttgart.de\/wp-content\/uploads\/2020\/04\/schmal_immo2.jpg","type":"","width":"","height":""}],"twitter_card":"summary_large_image","twitter_misc":{"Gesch\u00e4tzte Lesezeit":"1\u00a0Minute"},"schema":{"@context":"https:\/\/schema.org","@graph":[{"@type":"WebPage","@id":"https:\/\/stumpp-stuttgart.de\/index.php\/immobilien-und-grundstuecksrecht\/","url":"https:\/\/stumpp-stuttgart.de\/index.php\/immobilien-und-grundstuecksrecht\/","name":"Immobilien- und Grundst\u00fccksrecht -","isPartOf":{"@id":"https:\/\/stumpp-stuttgart.de\/#website"},"primaryImageOfPage":{"@id":"https:\/\/stumpp-stuttgart.de\/index.php\/immobilien-und-grundstuecksrecht\/#primaryimage"},"image":{"@id":"https:\/\/stumpp-stuttgart.de\/index.php\/immobilien-und-grundstuecksrecht\/#primaryimage"},"thumbnailUrl":"https:\/\/stumpp-stuttgart.de\/wp-content\/uploads\/2020\/04\/schmal_immo2.jpg","datePublished":"2020-03-06T19:21:35+00:00","dateModified":"2020-06-05T09:44:31+00:00","breadcrumb":{"@id":"https:\/\/stumpp-stuttgart.de\/index.php\/immobilien-und-grundstuecksrecht\/#breadcrumb"},"inLanguage":"de","potentialAction":[{"@type":"ReadAction","target":["https:\/\/stumpp-stuttgart.de\/index.php\/immobilien-und-grundstuecksrecht\/"]}]},{"@type":"ImageObject","inLanguage":"de","@id":"https:\/\/stumpp-stuttgart.de\/index.php\/immobilien-und-grundstuecksrecht\/#primaryimage","url":"https:\/\/stumpp-stuttgart.de\/wp-content\/uploads\/2020\/04\/schmal_immo2.jpg","contentUrl":"https:\/\/stumpp-stuttgart.de\/wp-content\/uploads\/2020\/04\/schmal_immo2.jpg","width":1400,"height":300},{"@type":"BreadcrumbList","@id":"https:\/\/stumpp-stuttgart.de\/index.php\/immobilien-und-grundstuecksrecht\/#breadcrumb","itemListElement":[{"@type":"ListItem","position":1,"name":"Startseite","item":"https:\/\/stumpp-stuttgart.de\/"},{"@type":"ListItem","position":2,"name":"Immobilien- und Grundst\u00fccksrecht"}]},{"@type":"WebSite","@id":"https:\/\/stumpp-stuttgart.de\/#website","url":"https:\/\/stumpp-stuttgart.de\/","name":"","description":"Stumpp-Stuttgart   Anwalts- und Notarkanzlei","potentialAction":[{"@type":"SearchAction","target":{"@type":"EntryPoint","urlTemplate":"https:\/\/stumpp-stuttgart.de\/?s={search_term_string}"},"query-input":{"@type":"PropertyValueSpecification","valueRequired":true,"valueName":"search_term_string"}}],"inLanguage":"de"}]}},"_links":{"self":[{"href":"https:\/\/stumpp-stuttgart.de\/index.php\/wp-json\/wp\/v2\/pages\/59","targetHints":{"allow":["GET"]}}],"collection":[{"href":"https:\/\/stumpp-stuttgart.de\/index.php\/wp-json\/wp\/v2\/pages"}],"about":[{"href":"https:\/\/stumpp-stuttgart.de\/index.php\/wp-json\/wp\/v2\/types\/page"}],"author":[{"embeddable":true,"href":"https:\/\/stumpp-stuttgart.de\/index.php\/wp-json\/wp\/v2\/users\/3"}],"replies":[{"embeddable":true,"href":"https:\/\/stumpp-stuttgart.de\/index.php\/wp-json\/wp\/v2\/comments?post=59"}],"version-history":[{"count":0,"href":"https:\/\/stumpp-stuttgart.de\/index.php\/wp-json\/wp\/v2\/pages\/59\/revisions"}],"wp:attachment":[{"href":"https:\/\/stumpp-stuttgart.de\/index.php\/wp-json\/wp\/v2\/media?parent=59"}],"curies":[{"name":"wp","href":"https:\/\/api.w.org\/{rel}","templated":true}]}}