{"id":55,"date":"2020-03-06T20:20:48","date_gmt":"2020-03-06T19:20:48","guid":{"rendered":"http:\/\/stumpp-stuttgart.de\/?page_id=55"},"modified":"2020-04-24T15:04:06","modified_gmt":"2020-04-24T13:04:06","slug":"erbrecht","status":"publish","type":"page","link":"https:\/\/stumpp-stuttgart.de\/index.php\/erbrecht\/","title":{"rendered":"Erbrecht"},"content":{"rendered":"\t\t<div data-elementor-type=\"wp-page\" data-elementor-id=\"55\" class=\"elementor elementor-55\">\n\t\t\t\t\t\t<section class=\"elementor-section elementor-top-section elementor-element elementor-element-44b7a56 elementor-section-boxed elementor-section-height-default elementor-section-height-default\" data-id=\"44b7a56\" data-element_type=\"section\" data-e-type=\"section\">\n\t\t\t\t\t\t<div class=\"elementor-container elementor-column-gap-default\">\n\t\t\t\t\t<div class=\"elementor-column elementor-col-100 elementor-top-column elementor-element elementor-element-23c398b\" data-id=\"23c398b\" data-element_type=\"column\" data-e-type=\"column\">\n\t\t\t<div class=\"elementor-widget-wrap elementor-element-populated\">\n\t\t\t\t\t\t<div class=\"elementor-element elementor-element-176dedd elementor-widget elementor-widget-image\" data-id=\"176dedd\" data-element_type=\"widget\" data-e-type=\"widget\" data-widget_type=\"image.default\">\n\t\t\t\t<div class=\"elementor-widget-container\">\n\t\t\t\t\t\t\t\t\t\t\t\t\t\t\t<img fetchpriority=\"high\" decoding=\"async\" width=\"1400\" height=\"300\" src=\"https:\/\/stumpp-stuttgart.de\/wp-content\/uploads\/2020\/04\/schmal_testament.jpg\" class=\"attachment-full size-full wp-image-850\" alt=\"\" srcset=\"https:\/\/stumpp-stuttgart.de\/wp-content\/uploads\/2020\/04\/schmal_testament.jpg 1400w, https:\/\/stumpp-stuttgart.de\/wp-content\/uploads\/2020\/04\/schmal_testament-300x64.jpg 300w, https:\/\/stumpp-stuttgart.de\/wp-content\/uploads\/2020\/04\/schmal_testament-1024x219.jpg 1024w, https:\/\/stumpp-stuttgart.de\/wp-content\/uploads\/2020\/04\/schmal_testament-768x165.jpg 768w\" sizes=\"(max-width: 1400px) 100vw, 1400px\" \/>\t\t\t\t\t\t\t\t\t\t\t\t\t\t\t<\/div>\n\t\t\t\t<\/div>\n\t\t\t\t\t<\/div>\n\t\t<\/div>\n\t\t\t\t\t<\/div>\n\t\t<\/section>\n\t\t\t\t<section class=\"elementor-section elementor-top-section elementor-element elementor-element-45709ef2 elementor-section-boxed elementor-section-height-default elementor-section-height-default\" data-id=\"45709ef2\" data-element_type=\"section\" data-e-type=\"section\">\n\t\t\t\t\t\t<div class=\"elementor-container elementor-column-gap-default\">\n\t\t\t\t\t<div class=\"elementor-column elementor-col-100 elementor-top-column elementor-element elementor-element-6afe2cde\" data-id=\"6afe2cde\" data-element_type=\"column\" data-e-type=\"column\">\n\t\t\t<div class=\"elementor-widget-wrap elementor-element-populated\">\n\t\t\t\t\t\t<div class=\"elementor-element elementor-element-14ff8d8a elementor-widget elementor-widget-text-editor\" data-id=\"14ff8d8a\" data-element_type=\"widget\" data-e-type=\"widget\" data-widget_type=\"text-editor.default\">\n\t\t\t\t<div class=\"elementor-widget-container\">\n\t\t\t\t\t\t\t\t\t<p><\/p>\n<p><\/p>\n<p><\/p>\n<h5>Erben | Vererben &#8211; aber richtig!\u00a0 Alles zu den Themen Erbvertr\u00e4ge | Testament | Nachlass | Testamentsvollstreckung<\/h5>\n<p>Gest\u00fctzt auf langj\u00e4hrige Erfahrung, beraten und vertreten wir Sie in allen Fragen des Erbrechts. Hierzu z\u00e4hlen insbesondere<\/p>\n<p><\/p>\n<p><\/p>\n<ul>\n<li>die Gestaltung von <strong>Verm\u00f6gens\u00fcbertragungen<\/strong> im Wege der vorweggenommenen Erbfolge unter Ber\u00fccksichtigung steuerlicher und familienrechtlicher Besonderheiten, zum Beispiel\n<ul>\n<li>Schenkungen<\/li>\n<li>\u00dcbergabevertr\u00e4ge<\/li>\n<li>Unternehmens\u00fcbertragungen<\/li>\n<li>Rentenvertr\u00e4ge usw.<\/li>\n<\/ul>\n<\/li>\n<li><span style=\"font-size: 16px;\">die Gestaltung und Auslegung letztwilliger Verf\u00fcgungen (Erbvertr\u00e4ge,\u00a0<\/span>Testamente) unter Ber\u00fccksichtigung steuerlicher Besonderheiten<\/li>\n<li><span style=\"font-size: 16px;\">die Durchsetzung und Abwehr erbrechtlicher Anspr\u00fcche, wie z. B.\u00a0<\/span>Pflichtteilsanspr\u00fcche, Anspr\u00fcche aus Verm\u00e4chtnis usw.<\/li>\n<li><span style=\"font-size: 16px;\">die Durchsetzung und Abwehr von Nachlassverbindlichkeiten gegen<\/span>\u00fcber beziehungsweise durch Erben<\/li>\n<li>die Durchf\u00fchrung und \u00dcberwachung der Testamentsvollstreckung<\/li>\n<\/ul>\n<p><\/p>\n<p><\/p>\n<p>Wir freuen uns auf Ihren Anruf (0711 248 959 20) oder <a href=\"http:\/\/stumpp-stuttgart.de\/index.php\/kontakt\/\">Kontakt.<\/a><\/p>\n<p><\/p>\t\t\t\t\t\t\t\t<\/div>\n\t\t\t\t<\/div>\n\t\t\t\t\t<\/div>\n\t\t<\/div>\n\t\t\t\t\t<\/div>\n\t\t<\/section>\n\t\t\t\t<\/div>\n\t\t","protected":false},"excerpt":{"rendered":"<p>Erben | Vererben &#8211; aber richtig!\u00a0 Alles zu den Themen Erbvertr\u00e4ge | Testament | Nachlass | Testamentsvollstreckung Gest\u00fctzt auf langj\u00e4hrige Erfahrung, beraten und vertreten wir Sie in allen Fragen des Erbrechts. Hierzu z\u00e4hlen insbesondere die Gestaltung von Verm\u00f6gens\u00fcbertragungen im Wege<\/p>\n","protected":false},"author":3,"featured_media":0,"parent":0,"menu_order":0,"comment_status":"closed","ping_status":"closed","template":"","meta":{"footnotes":""},"class_list":["post-55","page","type-page","status-publish","hentry"],"yoast_head":"<!-- This site is optimized with the Yoast SEO plugin v27.5 - https:\/\/yoast.com\/product\/yoast-seo-wordpress\/ -->\n<title>Erbrecht -<\/title>\n<meta name=\"robots\" content=\"index, follow, max-snippet:-1, max-image-preview:large, max-video-preview:-1\" \/>\n<link rel=\"canonical\" href=\"https:\/\/stumpp-stuttgart.de\/index.php\/erbrecht\/\" \/>\n<meta property=\"og:locale\" content=\"de_DE\" \/>\n<meta property=\"og:type\" content=\"article\" \/>\n<meta property=\"og:title\" content=\"Erbrecht -\" \/>\n<meta property=\"og:description\" content=\"Erben | Vererben &#8211; aber richtig!\u00a0 Alles zu den Themen Erbvertr\u00e4ge | Testament | Nachlass | Testamentsvollstreckung Gest\u00fctzt auf langj\u00e4hrige Erfahrung, beraten und vertreten wir Sie in allen Fragen des Erbrechts. Hierzu z\u00e4hlen insbesondere die Gestaltung von Verm\u00f6gens\u00fcbertragungen im Wege\" \/>\n<meta property=\"og:url\" content=\"https:\/\/stumpp-stuttgart.de\/index.php\/erbrecht\/\" \/>\n<meta property=\"article:modified_time\" content=\"2020-04-24T13:04:06+00:00\" \/>\n<meta property=\"og:image\" content=\"https:\/\/stumpp-stuttgart.de\/wp-content\/uploads\/2020\/04\/schmal_testament.jpg\" \/>\n<meta name=\"twitter:card\" content=\"summary_large_image\" \/>\n<meta name=\"twitter:label1\" content=\"Gesch\u00e4tzte Lesezeit\" \/>\n\t<meta name=\"twitter:data1\" content=\"1\u00a0Minute\" \/>\n<script type=\"application\/ld+json\" class=\"yoast-schema-graph\">{\"@context\":\"https:\\\/\\\/schema.org\",\"@graph\":[{\"@type\":\"WebPage\",\"@id\":\"https:\\\/\\\/stumpp-stuttgart.de\\\/index.php\\\/erbrecht\\\/\",\"url\":\"https:\\\/\\\/stumpp-stuttgart.de\\\/index.php\\\/erbrecht\\\/\",\"name\":\"Erbrecht -\",\"isPartOf\":{\"@id\":\"https:\\\/\\\/stumpp-stuttgart.de\\\/#website\"},\"primaryImageOfPage\":{\"@id\":\"https:\\\/\\\/stumpp-stuttgart.de\\\/index.php\\\/erbrecht\\\/#primaryimage\"},\"image\":{\"@id\":\"https:\\\/\\\/stumpp-stuttgart.de\\\/index.php\\\/erbrecht\\\/#primaryimage\"},\"thumbnailUrl\":\"https:\\\/\\\/stumpp-stuttgart.de\\\/wp-content\\\/uploads\\\/2020\\\/04\\\/schmal_testament.jpg\",\"datePublished\":\"2020-03-06T19:20:48+00:00\",\"dateModified\":\"2020-04-24T13:04:06+00:00\",\"breadcrumb\":{\"@id\":\"https:\\\/\\\/stumpp-stuttgart.de\\\/index.php\\\/erbrecht\\\/#breadcrumb\"},\"inLanguage\":\"de\",\"potentialAction\":[{\"@type\":\"ReadAction\",\"target\":[\"https:\\\/\\\/stumpp-stuttgart.de\\\/index.php\\\/erbrecht\\\/\"]}]},{\"@type\":\"ImageObject\",\"inLanguage\":\"de\",\"@id\":\"https:\\\/\\\/stumpp-stuttgart.de\\\/index.php\\\/erbrecht\\\/#primaryimage\",\"url\":\"https:\\\/\\\/stumpp-stuttgart.de\\\/wp-content\\\/uploads\\\/2020\\\/04\\\/schmal_testament.jpg\",\"contentUrl\":\"https:\\\/\\\/stumpp-stuttgart.de\\\/wp-content\\\/uploads\\\/2020\\\/04\\\/schmal_testament.jpg\",\"width\":1400,\"height\":300},{\"@type\":\"BreadcrumbList\",\"@id\":\"https:\\\/\\\/stumpp-stuttgart.de\\\/index.php\\\/erbrecht\\\/#breadcrumb\",\"itemListElement\":[{\"@type\":\"ListItem\",\"position\":1,\"name\":\"Startseite\",\"item\":\"https:\\\/\\\/stumpp-stuttgart.de\\\/\"},{\"@type\":\"ListItem\",\"position\":2,\"name\":\"Erbrecht\"}]},{\"@type\":\"WebSite\",\"@id\":\"https:\\\/\\\/stumpp-stuttgart.de\\\/#website\",\"url\":\"https:\\\/\\\/stumpp-stuttgart.de\\\/\",\"name\":\"\",\"description\":\"Stumpp-Stuttgart   Anwalts- und Notarkanzlei\",\"potentialAction\":[{\"@type\":\"SearchAction\",\"target\":{\"@type\":\"EntryPoint\",\"urlTemplate\":\"https:\\\/\\\/stumpp-stuttgart.de\\\/?s={search_term_string}\"},\"query-input\":{\"@type\":\"PropertyValueSpecification\",\"valueRequired\":true,\"valueName\":\"search_term_string\"}}],\"inLanguage\":\"de\"}]}<\/script>\n<!-- \/ Yoast SEO plugin. -->","yoast_head_json":{"title":"Erbrecht -","robots":{"index":"index","follow":"follow","max-snippet":"max-snippet:-1","max-image-preview":"max-image-preview:large","max-video-preview":"max-video-preview:-1"},"canonical":"https:\/\/stumpp-stuttgart.de\/index.php\/erbrecht\/","og_locale":"de_DE","og_type":"article","og_title":"Erbrecht -","og_description":"Erben | Vererben &#8211; aber richtig!\u00a0 Alles zu den Themen Erbvertr\u00e4ge | Testament | Nachlass | Testamentsvollstreckung Gest\u00fctzt auf langj\u00e4hrige Erfahrung, beraten und vertreten wir Sie in allen Fragen des Erbrechts. Hierzu z\u00e4hlen insbesondere die Gestaltung von Verm\u00f6gens\u00fcbertragungen im Wege","og_url":"https:\/\/stumpp-stuttgart.de\/index.php\/erbrecht\/","article_modified_time":"2020-04-24T13:04:06+00:00","og_image":[{"url":"https:\/\/stumpp-stuttgart.de\/wp-content\/uploads\/2020\/04\/schmal_testament.jpg","type":"","width":"","height":""}],"twitter_card":"summary_large_image","twitter_misc":{"Gesch\u00e4tzte Lesezeit":"1\u00a0Minute"},"schema":{"@context":"https:\/\/schema.org","@graph":[{"@type":"WebPage","@id":"https:\/\/stumpp-stuttgart.de\/index.php\/erbrecht\/","url":"https:\/\/stumpp-stuttgart.de\/index.php\/erbrecht\/","name":"Erbrecht -","isPartOf":{"@id":"https:\/\/stumpp-stuttgart.de\/#website"},"primaryImageOfPage":{"@id":"https:\/\/stumpp-stuttgart.de\/index.php\/erbrecht\/#primaryimage"},"image":{"@id":"https:\/\/stumpp-stuttgart.de\/index.php\/erbrecht\/#primaryimage"},"thumbnailUrl":"https:\/\/stumpp-stuttgart.de\/wp-content\/uploads\/2020\/04\/schmal_testament.jpg","datePublished":"2020-03-06T19:20:48+00:00","dateModified":"2020-04-24T13:04:06+00:00","breadcrumb":{"@id":"https:\/\/stumpp-stuttgart.de\/index.php\/erbrecht\/#breadcrumb"},"inLanguage":"de","potentialAction":[{"@type":"ReadAction","target":["https:\/\/stumpp-stuttgart.de\/index.php\/erbrecht\/"]}]},{"@type":"ImageObject","inLanguage":"de","@id":"https:\/\/stumpp-stuttgart.de\/index.php\/erbrecht\/#primaryimage","url":"https:\/\/stumpp-stuttgart.de\/wp-content\/uploads\/2020\/04\/schmal_testament.jpg","contentUrl":"https:\/\/stumpp-stuttgart.de\/wp-content\/uploads\/2020\/04\/schmal_testament.jpg","width":1400,"height":300},{"@type":"BreadcrumbList","@id":"https:\/\/stumpp-stuttgart.de\/index.php\/erbrecht\/#breadcrumb","itemListElement":[{"@type":"ListItem","position":1,"name":"Startseite","item":"https:\/\/stumpp-stuttgart.de\/"},{"@type":"ListItem","position":2,"name":"Erbrecht"}]},{"@type":"WebSite","@id":"https:\/\/stumpp-stuttgart.de\/#website","url":"https:\/\/stumpp-stuttgart.de\/","name":"","description":"Stumpp-Stuttgart   Anwalts- und Notarkanzlei","potentialAction":[{"@type":"SearchAction","target":{"@type":"EntryPoint","urlTemplate":"https:\/\/stumpp-stuttgart.de\/?s={search_term_string}"},"query-input":{"@type":"PropertyValueSpecification","valueRequired":true,"valueName":"search_term_string"}}],"inLanguage":"de"}]}},"_links":{"self":[{"href":"https:\/\/stumpp-stuttgart.de\/index.php\/wp-json\/wp\/v2\/pages\/55","targetHints":{"allow":["GET"]}}],"collection":[{"href":"https:\/\/stumpp-stuttgart.de\/index.php\/wp-json\/wp\/v2\/pages"}],"about":[{"href":"https:\/\/stumpp-stuttgart.de\/index.php\/wp-json\/wp\/v2\/types\/page"}],"author":[{"embeddable":true,"href":"https:\/\/stumpp-stuttgart.de\/index.php\/wp-json\/wp\/v2\/users\/3"}],"replies":[{"embeddable":true,"href":"https:\/\/stumpp-stuttgart.de\/index.php\/wp-json\/wp\/v2\/comments?post=55"}],"version-history":[{"count":0,"href":"https:\/\/stumpp-stuttgart.de\/index.php\/wp-json\/wp\/v2\/pages\/55\/revisions"}],"wp:attachment":[{"href":"https:\/\/stumpp-stuttgart.de\/index.php\/wp-json\/wp\/v2\/media?parent=55"}],"curies":[{"name":"wp","href":"https:\/\/api.w.org\/{rel}","templated":true}]}}