{"id":47,"date":"2020-03-06T20:17:19","date_gmt":"2020-03-06T19:17:19","guid":{"rendered":"http:\/\/stumpp-stuttgart.de\/?page_id=47"},"modified":"2020-04-24T15:13:08","modified_gmt":"2020-04-24T13:13:08","slug":"anwaltsnotar","status":"publish","type":"page","link":"https:\/\/stumpp-stuttgart.de\/index.php\/anwaltsnotar\/","title":{"rendered":"Anwaltsnotariat"},"content":{"rendered":"\t\t<div data-elementor-type=\"wp-page\" data-elementor-id=\"47\" class=\"elementor elementor-47\">\n\t\t\t\t\t\t<section class=\"elementor-section elementor-top-section elementor-element elementor-element-69a3b6e elementor-section-boxed elementor-section-height-default elementor-section-height-default\" data-id=\"69a3b6e\" data-element_type=\"section\" data-e-type=\"section\">\n\t\t\t\t\t\t<div class=\"elementor-container elementor-column-gap-default\">\n\t\t\t\t\t<div class=\"elementor-column elementor-col-100 elementor-top-column elementor-element elementor-element-4408a44\" data-id=\"4408a44\" data-element_type=\"column\" data-e-type=\"column\">\n\t\t\t<div class=\"elementor-widget-wrap elementor-element-populated\">\n\t\t\t\t\t\t<div class=\"elementor-element elementor-element-5133563 elementor-widget elementor-widget-image\" data-id=\"5133563\" data-element_type=\"widget\" data-e-type=\"widget\" data-widget_type=\"image.default\">\n\t\t\t\t<div class=\"elementor-widget-container\">\n\t\t\t\t\t\t\t\t\t\t\t\t\t\t\t<img fetchpriority=\"high\" decoding=\"async\" width=\"1400\" height=\"300\" src=\"https:\/\/stumpp-stuttgart.de\/wp-content\/uploads\/2020\/04\/schmal_notar.jpg\" class=\"attachment-full size-full wp-image-801\" alt=\"\" srcset=\"https:\/\/stumpp-stuttgart.de\/wp-content\/uploads\/2020\/04\/schmal_notar.jpg 1400w, https:\/\/stumpp-stuttgart.de\/wp-content\/uploads\/2020\/04\/schmal_notar-300x64.jpg 300w, https:\/\/stumpp-stuttgart.de\/wp-content\/uploads\/2020\/04\/schmal_notar-1024x219.jpg 1024w, https:\/\/stumpp-stuttgart.de\/wp-content\/uploads\/2020\/04\/schmal_notar-768x165.jpg 768w\" sizes=\"(max-width: 1400px) 100vw, 1400px\" \/>\t\t\t\t\t\t\t\t\t\t\t\t\t\t\t<\/div>\n\t\t\t\t<\/div>\n\t\t\t\t\t<\/div>\n\t\t<\/div>\n\t\t\t\t\t<\/div>\n\t\t<\/section>\n\t\t\t\t<section class=\"elementor-section elementor-top-section elementor-element elementor-element-970a1b1 elementor-section-boxed elementor-section-height-default elementor-section-height-default\" data-id=\"970a1b1\" data-element_type=\"section\" data-e-type=\"section\">\n\t\t\t\t\t\t<div class=\"elementor-container elementor-column-gap-default\">\n\t\t\t\t\t<div class=\"elementor-column elementor-col-100 elementor-top-column elementor-element elementor-element-d22533b\" data-id=\"d22533b\" data-element_type=\"column\" data-e-type=\"column\">\n\t\t\t<div class=\"elementor-widget-wrap\">\n\t\t\t\t\t\t\t<\/div>\n\t\t<\/div>\n\t\t\t\t\t<\/div>\n\t\t<\/section>\n\t\t\t\t<section class=\"elementor-section elementor-top-section elementor-element elementor-element-3174d2e elementor-section-boxed elementor-section-height-default elementor-section-height-default\" data-id=\"3174d2e\" data-element_type=\"section\" data-e-type=\"section\">\n\t\t\t\t\t\t<div class=\"elementor-container elementor-column-gap-default\">\n\t\t\t\t\t<div class=\"elementor-column elementor-col-100 elementor-top-column elementor-element elementor-element-496ed66\" data-id=\"496ed66\" data-element_type=\"column\" data-e-type=\"column\">\n\t\t\t<div class=\"elementor-widget-wrap elementor-element-populated\">\n\t\t\t\t\t\t<div class=\"elementor-element elementor-element-7d58668 elementor-widget elementor-widget-text-editor\" data-id=\"7d58668\" data-element_type=\"widget\" data-e-type=\"widget\" data-widget_type=\"text-editor.default\">\n\t\t\t\t<div class=\"elementor-widget-container\">\n\t\t\t\t\t\t\t\t\t<h3>Urkunden f\u00fcr Immobilienkauf | Testament | Vollmacht | Beglaubigung<\/h3>\t\t\t\t\t\t\t\t<\/div>\n\t\t\t\t<\/div>\n\t\t\t\t\t<\/div>\n\t\t<\/div>\n\t\t\t\t\t<\/div>\n\t\t<\/section>\n\t\t\t\t<section class=\"elementor-section elementor-top-section elementor-element elementor-element-96559be elementor-section-boxed elementor-section-height-default elementor-section-height-default\" data-id=\"96559be\" data-element_type=\"section\" data-e-type=\"section\">\n\t\t\t\t\t\t<div class=\"elementor-container elementor-column-gap-default\">\n\t\t\t\t\t<div class=\"elementor-column elementor-col-100 elementor-top-column elementor-element elementor-element-e95dca0\" data-id=\"e95dca0\" data-element_type=\"column\" data-e-type=\"column\">\n\t\t\t<div class=\"elementor-widget-wrap elementor-element-populated\">\n\t\t\t\t\t\t<div class=\"elementor-element elementor-element-4e151b5 elementor-widget elementor-widget-text-editor\" data-id=\"4e151b5\" data-element_type=\"widget\" data-e-type=\"widget\" data-widget_type=\"text-editor.default\">\n\t\t\t\t<div class=\"elementor-widget-container\">\n\t\t\t\t\t\t\t\t\t<p>Zusammen mit erfahrenen Fachkr\u00e4ften stehe ich Ihnen f\u00fcr s\u00e4mtliche notariellen T\u00e4tigkeiten zur Verf\u00fcgung.<\/p><h4>Notarielle Beurkundung<\/h4><ul><li>von Immobilienkauf- und Immobilien\u00fcbertragungsvertr\u00e4gen<br \/>(Grundst\u00fccke, Eigentumswohnungen) einschlie\u00dflich der nachfolgenden<br \/>Vollzugst\u00e4tigkeit (Einholung erforderlicher Genehmigungen, Bestellung<br \/>von Finanzierungsgrundschulden, Auflassung usw.)<\/li><li>von Grundst\u00fccksaufteilungsvertr\u00e4gen (Teilungserkl\u00e4rungen)<\/li><li>von letztwilligen Verf\u00fcgungen (Erbvertr\u00e4gen\u00a0 und Testamenten)<\/li><li>von Ehevertr\u00e4gen (z.B. G\u00fctertrennung, modifizierte Zugewinngemeinschaft, Regelungen zum Unterhalt und zum Versorgungsausgleich)<\/li><li>von Vollmachten aller Art (insbesondere Generalvollmachten, Betreuungs- und Vorsorgevollmachten)<\/li><li>von Patientenverf\u00fcgungen<\/li><\/ul><h4>Notarielle Beglaubigungen aller Art, z.B.<\/h4><ul><li>von Registersachen (Handelsregister- und Vereinsregisteranmeldungen)<\/li><li>von Vollmachten<\/li><li>von Urkunden.<\/li><\/ul><p>Setzen Sie sich bei Bedarf bitte mit uns in Verbindung; wir haben<br \/>auch kurzfristig Termine f\u00fcr Sie frei. Wir freuen uns auf Ihren Anruf (0711 248 959 20) oder\u00a0 <a href=\"http:\/\/stumpp-stuttgart.de\/index.php\/kontakt\/\">Kontakt<\/a>.<\/p>\t\t\t\t\t\t\t\t<\/div>\n\t\t\t\t<\/div>\n\t\t\t\t\t<\/div>\n\t\t<\/div>\n\t\t\t\t\t<\/div>\n\t\t<\/section>\n\t\t\t\t<\/div>\n\t\t","protected":false},"excerpt":{"rendered":"<p>Urkunden f\u00fcr Immobilienkauf | Testament | Vollmacht | Beglaubigung Zusammen mit erfahrenen Fachkr\u00e4ften stehe ich Ihnen f\u00fcr s\u00e4mtliche notariellen T\u00e4tigkeiten zur Verf\u00fcgung. Notarielle Beurkundung von Immobilienkauf- und Immobilien\u00fcbertragungsvertr\u00e4gen(Grundst\u00fccke, Eigentumswohnungen) einschlie\u00dflich der nachfolgendenVollzugst\u00e4tigkeit (Einholung erforderlicher Genehmigungen, Bestellungvon Finanzierungsgrundschulden, Auflassung usw.) von<\/p>\n","protected":false},"author":3,"featured_media":0,"parent":0,"menu_order":0,"comment_status":"closed","ping_status":"closed","template":"","meta":{"footnotes":""},"class_list":["post-47","page","type-page","status-publish","hentry"],"yoast_head":"<!-- This site is optimized with the Yoast SEO plugin v27.4 - https:\/\/yoast.com\/product\/yoast-seo-wordpress\/ -->\n<title>Anwaltsnotariat -<\/title>\n<meta name=\"robots\" content=\"index, follow, max-snippet:-1, max-image-preview:large, max-video-preview:-1\" \/>\n<link rel=\"canonical\" href=\"https:\/\/stumpp-stuttgart.de\/index.php\/anwaltsnotar\/\" \/>\n<meta property=\"og:locale\" content=\"de_DE\" \/>\n<meta property=\"og:type\" content=\"article\" \/>\n<meta property=\"og:title\" content=\"Anwaltsnotariat -\" \/>\n<meta property=\"og:description\" content=\"Urkunden f\u00fcr Immobilienkauf | Testament | Vollmacht | Beglaubigung Zusammen mit erfahrenen Fachkr\u00e4ften stehe ich Ihnen f\u00fcr s\u00e4mtliche notariellen T\u00e4tigkeiten zur Verf\u00fcgung. Notarielle Beurkundung von Immobilienkauf- und Immobilien\u00fcbertragungsvertr\u00e4gen(Grundst\u00fccke, Eigentumswohnungen) einschlie\u00dflich der nachfolgendenVollzugst\u00e4tigkeit (Einholung erforderlicher Genehmigungen, Bestellungvon Finanzierungsgrundschulden, Auflassung usw.) von\" \/>\n<meta property=\"og:url\" content=\"https:\/\/stumpp-stuttgart.de\/index.php\/anwaltsnotar\/\" \/>\n<meta property=\"article:modified_time\" content=\"2020-04-24T13:13:08+00:00\" \/>\n<meta property=\"og:image\" content=\"https:\/\/stumpp-stuttgart.de\/wp-content\/uploads\/2020\/04\/schmal_notar.jpg\" \/>\n<meta name=\"twitter:card\" content=\"summary_large_image\" \/>\n<meta name=\"twitter:label1\" content=\"Gesch\u00e4tzte Lesezeit\" \/>\n\t<meta name=\"twitter:data1\" content=\"1\u00a0Minute\" \/>\n<script type=\"application\/ld+json\" class=\"yoast-schema-graph\">{\"@context\":\"https:\\\/\\\/schema.org\",\"@graph\":[{\"@type\":\"WebPage\",\"@id\":\"https:\\\/\\\/stumpp-stuttgart.de\\\/index.php\\\/anwaltsnotar\\\/\",\"url\":\"https:\\\/\\\/stumpp-stuttgart.de\\\/index.php\\\/anwaltsnotar\\\/\",\"name\":\"Anwaltsnotariat -\",\"isPartOf\":{\"@id\":\"https:\\\/\\\/stumpp-stuttgart.de\\\/#website\"},\"primaryImageOfPage\":{\"@id\":\"https:\\\/\\\/stumpp-stuttgart.de\\\/index.php\\\/anwaltsnotar\\\/#primaryimage\"},\"image\":{\"@id\":\"https:\\\/\\\/stumpp-stuttgart.de\\\/index.php\\\/anwaltsnotar\\\/#primaryimage\"},\"thumbnailUrl\":\"https:\\\/\\\/stumpp-stuttgart.de\\\/wp-content\\\/uploads\\\/2020\\\/04\\\/schmal_notar.jpg\",\"datePublished\":\"2020-03-06T19:17:19+00:00\",\"dateModified\":\"2020-04-24T13:13:08+00:00\",\"breadcrumb\":{\"@id\":\"https:\\\/\\\/stumpp-stuttgart.de\\\/index.php\\\/anwaltsnotar\\\/#breadcrumb\"},\"inLanguage\":\"de\",\"potentialAction\":[{\"@type\":\"ReadAction\",\"target\":[\"https:\\\/\\\/stumpp-stuttgart.de\\\/index.php\\\/anwaltsnotar\\\/\"]}]},{\"@type\":\"ImageObject\",\"inLanguage\":\"de\",\"@id\":\"https:\\\/\\\/stumpp-stuttgart.de\\\/index.php\\\/anwaltsnotar\\\/#primaryimage\",\"url\":\"https:\\\/\\\/stumpp-stuttgart.de\\\/wp-content\\\/uploads\\\/2020\\\/04\\\/schmal_notar.jpg\",\"contentUrl\":\"https:\\\/\\\/stumpp-stuttgart.de\\\/wp-content\\\/uploads\\\/2020\\\/04\\\/schmal_notar.jpg\",\"width\":1400,\"height\":300},{\"@type\":\"BreadcrumbList\",\"@id\":\"https:\\\/\\\/stumpp-stuttgart.de\\\/index.php\\\/anwaltsnotar\\\/#breadcrumb\",\"itemListElement\":[{\"@type\":\"ListItem\",\"position\":1,\"name\":\"Startseite\",\"item\":\"https:\\\/\\\/stumpp-stuttgart.de\\\/\"},{\"@type\":\"ListItem\",\"position\":2,\"name\":\"Anwaltsnotariat\"}]},{\"@type\":\"WebSite\",\"@id\":\"https:\\\/\\\/stumpp-stuttgart.de\\\/#website\",\"url\":\"https:\\\/\\\/stumpp-stuttgart.de\\\/\",\"name\":\"\",\"description\":\"Stumpp-Stuttgart   Anwalts- und Notarkanzlei\",\"potentialAction\":[{\"@type\":\"SearchAction\",\"target\":{\"@type\":\"EntryPoint\",\"urlTemplate\":\"https:\\\/\\\/stumpp-stuttgart.de\\\/?s={search_term_string}\"},\"query-input\":{\"@type\":\"PropertyValueSpecification\",\"valueRequired\":true,\"valueName\":\"search_term_string\"}}],\"inLanguage\":\"de\"}]}<\/script>\n<!-- \/ Yoast SEO plugin. -->","yoast_head_json":{"title":"Anwaltsnotariat -","robots":{"index":"index","follow":"follow","max-snippet":"max-snippet:-1","max-image-preview":"max-image-preview:large","max-video-preview":"max-video-preview:-1"},"canonical":"https:\/\/stumpp-stuttgart.de\/index.php\/anwaltsnotar\/","og_locale":"de_DE","og_type":"article","og_title":"Anwaltsnotariat -","og_description":"Urkunden f\u00fcr Immobilienkauf | Testament | Vollmacht | Beglaubigung Zusammen mit erfahrenen Fachkr\u00e4ften stehe ich Ihnen f\u00fcr s\u00e4mtliche notariellen T\u00e4tigkeiten zur Verf\u00fcgung. Notarielle Beurkundung von Immobilienkauf- und Immobilien\u00fcbertragungsvertr\u00e4gen(Grundst\u00fccke, Eigentumswohnungen) einschlie\u00dflich der nachfolgendenVollzugst\u00e4tigkeit (Einholung erforderlicher Genehmigungen, Bestellungvon Finanzierungsgrundschulden, Auflassung usw.) von","og_url":"https:\/\/stumpp-stuttgart.de\/index.php\/anwaltsnotar\/","article_modified_time":"2020-04-24T13:13:08+00:00","og_image":[{"url":"https:\/\/stumpp-stuttgart.de\/wp-content\/uploads\/2020\/04\/schmal_notar.jpg","type":"","width":"","height":""}],"twitter_card":"summary_large_image","twitter_misc":{"Gesch\u00e4tzte Lesezeit":"1\u00a0Minute"},"schema":{"@context":"https:\/\/schema.org","@graph":[{"@type":"WebPage","@id":"https:\/\/stumpp-stuttgart.de\/index.php\/anwaltsnotar\/","url":"https:\/\/stumpp-stuttgart.de\/index.php\/anwaltsnotar\/","name":"Anwaltsnotariat -","isPartOf":{"@id":"https:\/\/stumpp-stuttgart.de\/#website"},"primaryImageOfPage":{"@id":"https:\/\/stumpp-stuttgart.de\/index.php\/anwaltsnotar\/#primaryimage"},"image":{"@id":"https:\/\/stumpp-stuttgart.de\/index.php\/anwaltsnotar\/#primaryimage"},"thumbnailUrl":"https:\/\/stumpp-stuttgart.de\/wp-content\/uploads\/2020\/04\/schmal_notar.jpg","datePublished":"2020-03-06T19:17:19+00:00","dateModified":"2020-04-24T13:13:08+00:00","breadcrumb":{"@id":"https:\/\/stumpp-stuttgart.de\/index.php\/anwaltsnotar\/#breadcrumb"},"inLanguage":"de","potentialAction":[{"@type":"ReadAction","target":["https:\/\/stumpp-stuttgart.de\/index.php\/anwaltsnotar\/"]}]},{"@type":"ImageObject","inLanguage":"de","@id":"https:\/\/stumpp-stuttgart.de\/index.php\/anwaltsnotar\/#primaryimage","url":"https:\/\/stumpp-stuttgart.de\/wp-content\/uploads\/2020\/04\/schmal_notar.jpg","contentUrl":"https:\/\/stumpp-stuttgart.de\/wp-content\/uploads\/2020\/04\/schmal_notar.jpg","width":1400,"height":300},{"@type":"BreadcrumbList","@id":"https:\/\/stumpp-stuttgart.de\/index.php\/anwaltsnotar\/#breadcrumb","itemListElement":[{"@type":"ListItem","position":1,"name":"Startseite","item":"https:\/\/stumpp-stuttgart.de\/"},{"@type":"ListItem","position":2,"name":"Anwaltsnotariat"}]},{"@type":"WebSite","@id":"https:\/\/stumpp-stuttgart.de\/#website","url":"https:\/\/stumpp-stuttgart.de\/","name":"","description":"Stumpp-Stuttgart   Anwalts- und Notarkanzlei","potentialAction":[{"@type":"SearchAction","target":{"@type":"EntryPoint","urlTemplate":"https:\/\/stumpp-stuttgart.de\/?s={search_term_string}"},"query-input":{"@type":"PropertyValueSpecification","valueRequired":true,"valueName":"search_term_string"}}],"inLanguage":"de"}]}},"_links":{"self":[{"href":"https:\/\/stumpp-stuttgart.de\/index.php\/wp-json\/wp\/v2\/pages\/47","targetHints":{"allow":["GET"]}}],"collection":[{"href":"https:\/\/stumpp-stuttgart.de\/index.php\/wp-json\/wp\/v2\/pages"}],"about":[{"href":"https:\/\/stumpp-stuttgart.de\/index.php\/wp-json\/wp\/v2\/types\/page"}],"author":[{"embeddable":true,"href":"https:\/\/stumpp-stuttgart.de\/index.php\/wp-json\/wp\/v2\/users\/3"}],"replies":[{"embeddable":true,"href":"https:\/\/stumpp-stuttgart.de\/index.php\/wp-json\/wp\/v2\/comments?post=47"}],"version-history":[{"count":0,"href":"https:\/\/stumpp-stuttgart.de\/index.php\/wp-json\/wp\/v2\/pages\/47\/revisions"}],"wp:attachment":[{"href":"https:\/\/stumpp-stuttgart.de\/index.php\/wp-json\/wp\/v2\/media?parent=47"}],"curies":[{"name":"wp","href":"https:\/\/api.w.org\/{rel}","templated":true}]}}