{"id":393,"date":"2020-04-02T09:57:23","date_gmt":"2020-04-02T07:57:23","guid":{"rendered":"http:\/\/stumpp-stuttgart.de\/?page_id=393"},"modified":"2020-04-29T15:01:10","modified_gmt":"2020-04-29T13:01:10","slug":"arbeitnehmer","status":"publish","type":"page","link":"https:\/\/stumpp-stuttgart.de\/index.php\/arbeitnehmer\/","title":{"rendered":"Arbeitnehmer"},"content":{"rendered":"\t\t<div data-elementor-type=\"wp-page\" data-elementor-id=\"393\" class=\"elementor elementor-393\">\n\t\t\t\t\t\t<section class=\"elementor-section elementor-top-section elementor-element elementor-element-b9aa7dd elementor-section-boxed elementor-section-height-default elementor-section-height-default\" data-id=\"b9aa7dd\" data-element_type=\"section\" data-e-type=\"section\">\n\t\t\t\t\t\t<div class=\"elementor-container elementor-column-gap-default\">\n\t\t\t\t\t<div class=\"elementor-column elementor-col-100 elementor-top-column elementor-element elementor-element-64e68a9\" data-id=\"64e68a9\" data-element_type=\"column\" data-e-type=\"column\">\n\t\t\t<div class=\"elementor-widget-wrap elementor-element-populated\">\n\t\t\t\t\t\t<div class=\"elementor-element elementor-element-9701278 elementor-widget elementor-widget-image\" data-id=\"9701278\" data-element_type=\"widget\" data-e-type=\"widget\" data-widget_type=\"image.default\">\n\t\t\t\t<div class=\"elementor-widget-container\">\n\t\t\t\t\t\t\t\t\t\t\t\t\t\t\t<img fetchpriority=\"high\" decoding=\"async\" width=\"1400\" height=\"300\" src=\"https:\/\/stumpp-stuttgart.de\/wp-content\/uploads\/2020\/04\/Arbeitsrecht_Kopfbild.jpg\" class=\"attachment-full size-full wp-image-845\" alt=\"\" srcset=\"https:\/\/stumpp-stuttgart.de\/wp-content\/uploads\/2020\/04\/Arbeitsrecht_Kopfbild.jpg 1400w, https:\/\/stumpp-stuttgart.de\/wp-content\/uploads\/2020\/04\/Arbeitsrecht_Kopfbild-300x64.jpg 300w, https:\/\/stumpp-stuttgart.de\/wp-content\/uploads\/2020\/04\/Arbeitsrecht_Kopfbild-1024x219.jpg 1024w, https:\/\/stumpp-stuttgart.de\/wp-content\/uploads\/2020\/04\/Arbeitsrecht_Kopfbild-768x165.jpg 768w\" sizes=\"(max-width: 1400px) 100vw, 1400px\" \/>\t\t\t\t\t\t\t\t\t\t\t\t\t\t\t<\/div>\n\t\t\t\t<\/div>\n\t\t\t\t\t<\/div>\n\t\t<\/div>\n\t\t\t\t\t<\/div>\n\t\t<\/section>\n\t\t\t\t<section class=\"elementor-section elementor-top-section elementor-element elementor-element-9077c3a elementor-section-boxed elementor-section-height-default elementor-section-height-default\" data-id=\"9077c3a\" data-element_type=\"section\" data-e-type=\"section\">\n\t\t\t\t\t\t<div class=\"elementor-container elementor-column-gap-default\">\n\t\t\t\t\t<div class=\"elementor-column elementor-col-100 elementor-top-column elementor-element elementor-element-bc87711\" data-id=\"bc87711\" data-element_type=\"column\" data-e-type=\"column\">\n\t\t\t<div class=\"elementor-widget-wrap elementor-element-populated\">\n\t\t\t\t\t\t<div class=\"elementor-element elementor-element-00706e0 elementor-widget elementor-widget-text-editor\" data-id=\"00706e0\" data-element_type=\"widget\" data-e-type=\"widget\" data-widget_type=\"text-editor.default\">\n\t\t\t\t<div class=\"elementor-widget-container\">\n\t\t\t\t\t\t\t\t\t<h3>Wir beraten Sie als Arbeitnehmer oder Arbeitnehmerin<\/h3>\t\t\t\t\t\t\t\t<\/div>\n\t\t\t\t<\/div>\n\t\t\t\t\t<\/div>\n\t\t<\/div>\n\t\t\t\t\t<\/div>\n\t\t<\/section>\n\t\t\t\t<section class=\"elementor-section elementor-top-section elementor-element elementor-element-ba89ab6 elementor-section-boxed elementor-section-height-default elementor-section-height-default\" data-id=\"ba89ab6\" data-element_type=\"section\" data-e-type=\"section\">\n\t\t\t\t\t\t<div class=\"elementor-container elementor-column-gap-default\">\n\t\t\t\t\t<div class=\"elementor-column elementor-col-100 elementor-top-column elementor-element elementor-element-c549bba\" data-id=\"c549bba\" data-element_type=\"column\" data-e-type=\"column\">\n\t\t\t<div class=\"elementor-widget-wrap elementor-element-populated\">\n\t\t\t\t\t\t<div class=\"elementor-element elementor-element-d1502e4 elementor-widget elementor-widget-text-editor\" data-id=\"d1502e4\" data-element_type=\"widget\" data-e-type=\"widget\" data-widget_type=\"text-editor.default\">\n\t\t\t\t<div class=\"elementor-widget-container\">\n\t\t\t\t\t\t\t\t\t<h5>Sie ben\u00f6tigen anwaltliche Unterst\u00fctzung an Ihrem Arbeitsplatz &#8211; Wir sind f\u00fcr Sie da<\/h5><p>Wir beraten Sie umfassend und vertreten Sie und Ihre Interessen auch vor Gericht<\/p><ul><li>bei <strong>K\u00fcndigung und Abmahnung<\/strong><\/li><li>bei <strong>ausbleibenden Zahlungen <\/strong>(Lohn, Gehalt, Sonderzahlungen)<\/li><li>bei der Durchsetzung von Urlaubsanspr\u00fcchen<\/li><li>bei allen Fragen rund um <strong>Kurzarbeit<\/strong><\/li><li>bei Problemen mit Vorgesetzten<\/li><li>bei<strong> Mobbing<\/strong><\/li><li>bei Aufhebungsvertr\u00e4gen und Abfindungsregelungen<\/li><li>bei der Vermeidung von Sperrfristen beim Arbeitslosengeldbezug<\/li><\/ul><h5>Arbeitsvertrag und Arbeitszeugnis<\/h5><ul><li>wir pr\u00fcfen Ihren <strong>Arbeitsvertrag<\/strong><\/li><li>wir beraten Sie in Bezug auf die Formulierung Ihres <strong>Arbeitszeugnisses<\/strong><\/li><\/ul><p>Wir freuen uns auf ihren Anruf (0711 248 959 20) oder <a href=\"http:\/\/stumpp-stuttgart.de\/index.php\/kontakt\/\">Kontakt.<\/a><\/p>\t\t\t\t\t\t\t\t<\/div>\n\t\t\t\t<\/div>\n\t\t\t\t\t<\/div>\n\t\t<\/div>\n\t\t\t\t\t<\/div>\n\t\t<\/section>\n\t\t\t\t<\/div>\n\t\t","protected":false},"excerpt":{"rendered":"<p>Wir beraten Sie als Arbeitnehmer oder Arbeitnehmerin Sie ben\u00f6tigen anwaltliche Unterst\u00fctzung an Ihrem Arbeitsplatz &#8211; Wir sind f\u00fcr Sie da Wir beraten Sie umfassend und vertreten Sie und Ihre Interessen auch vor Gericht bei K\u00fcndigung und Abmahnung bei ausbleibenden Zahlungen<\/p>\n","protected":false},"author":3,"featured_media":0,"parent":0,"menu_order":0,"comment_status":"closed","ping_status":"closed","template":"","meta":{"footnotes":""},"class_list":["post-393","page","type-page","status-publish","hentry"],"yoast_head":"<!-- This site is optimized with the Yoast SEO plugin v27.4 - https:\/\/yoast.com\/product\/yoast-seo-wordpress\/ -->\n<title>Arbeitnehmer -<\/title>\n<meta name=\"robots\" content=\"index, follow, max-snippet:-1, max-image-preview:large, max-video-preview:-1\" \/>\n<link rel=\"canonical\" href=\"https:\/\/stumpp-stuttgart.de\/index.php\/arbeitnehmer\/\" \/>\n<meta property=\"og:locale\" content=\"de_DE\" \/>\n<meta property=\"og:type\" content=\"article\" \/>\n<meta property=\"og:title\" content=\"Arbeitnehmer -\" \/>\n<meta property=\"og:description\" content=\"Wir beraten Sie als Arbeitnehmer oder Arbeitnehmerin Sie ben\u00f6tigen anwaltliche Unterst\u00fctzung an Ihrem Arbeitsplatz &#8211; Wir sind f\u00fcr Sie da Wir beraten Sie umfassend und vertreten Sie und Ihre Interessen auch vor Gericht bei K\u00fcndigung und Abmahnung bei ausbleibenden Zahlungen\" \/>\n<meta property=\"og:url\" content=\"https:\/\/stumpp-stuttgart.de\/index.php\/arbeitnehmer\/\" \/>\n<meta property=\"article:modified_time\" content=\"2020-04-29T13:01:10+00:00\" \/>\n<meta property=\"og:image\" content=\"https:\/\/stumpp-stuttgart.de\/wp-content\/uploads\/2020\/04\/Arbeitsrecht_Kopfbild.jpg\" \/>\n<meta name=\"twitter:card\" content=\"summary_large_image\" \/>\n<script type=\"application\/ld+json\" class=\"yoast-schema-graph\">{\"@context\":\"https:\\\/\\\/schema.org\",\"@graph\":[{\"@type\":\"WebPage\",\"@id\":\"https:\\\/\\\/stumpp-stuttgart.de\\\/index.php\\\/arbeitnehmer\\\/\",\"url\":\"https:\\\/\\\/stumpp-stuttgart.de\\\/index.php\\\/arbeitnehmer\\\/\",\"name\":\"Arbeitnehmer -\",\"isPartOf\":{\"@id\":\"https:\\\/\\\/stumpp-stuttgart.de\\\/#website\"},\"primaryImageOfPage\":{\"@id\":\"https:\\\/\\\/stumpp-stuttgart.de\\\/index.php\\\/arbeitnehmer\\\/#primaryimage\"},\"image\":{\"@id\":\"https:\\\/\\\/stumpp-stuttgart.de\\\/index.php\\\/arbeitnehmer\\\/#primaryimage\"},\"thumbnailUrl\":\"https:\\\/\\\/stumpp-stuttgart.de\\\/wp-content\\\/uploads\\\/2020\\\/04\\\/Arbeitsrecht_Kopfbild.jpg\",\"datePublished\":\"2020-04-02T07:57:23+00:00\",\"dateModified\":\"2020-04-29T13:01:10+00:00\",\"breadcrumb\":{\"@id\":\"https:\\\/\\\/stumpp-stuttgart.de\\\/index.php\\\/arbeitnehmer\\\/#breadcrumb\"},\"inLanguage\":\"de\",\"potentialAction\":[{\"@type\":\"ReadAction\",\"target\":[\"https:\\\/\\\/stumpp-stuttgart.de\\\/index.php\\\/arbeitnehmer\\\/\"]}]},{\"@type\":\"ImageObject\",\"inLanguage\":\"de\",\"@id\":\"https:\\\/\\\/stumpp-stuttgart.de\\\/index.php\\\/arbeitnehmer\\\/#primaryimage\",\"url\":\"https:\\\/\\\/stumpp-stuttgart.de\\\/wp-content\\\/uploads\\\/2020\\\/04\\\/Arbeitsrecht_Kopfbild.jpg\",\"contentUrl\":\"https:\\\/\\\/stumpp-stuttgart.de\\\/wp-content\\\/uploads\\\/2020\\\/04\\\/Arbeitsrecht_Kopfbild.jpg\",\"width\":1400,\"height\":300},{\"@type\":\"BreadcrumbList\",\"@id\":\"https:\\\/\\\/stumpp-stuttgart.de\\\/index.php\\\/arbeitnehmer\\\/#breadcrumb\",\"itemListElement\":[{\"@type\":\"ListItem\",\"position\":1,\"name\":\"Startseite\",\"item\":\"https:\\\/\\\/stumpp-stuttgart.de\\\/\"},{\"@type\":\"ListItem\",\"position\":2,\"name\":\"Arbeitnehmer\"}]},{\"@type\":\"WebSite\",\"@id\":\"https:\\\/\\\/stumpp-stuttgart.de\\\/#website\",\"url\":\"https:\\\/\\\/stumpp-stuttgart.de\\\/\",\"name\":\"\",\"description\":\"Stumpp-Stuttgart   Anwalts- und Notarkanzlei\",\"potentialAction\":[{\"@type\":\"SearchAction\",\"target\":{\"@type\":\"EntryPoint\",\"urlTemplate\":\"https:\\\/\\\/stumpp-stuttgart.de\\\/?s={search_term_string}\"},\"query-input\":{\"@type\":\"PropertyValueSpecification\",\"valueRequired\":true,\"valueName\":\"search_term_string\"}}],\"inLanguage\":\"de\"}]}<\/script>\n<!-- \/ Yoast SEO plugin. -->","yoast_head_json":{"title":"Arbeitnehmer -","robots":{"index":"index","follow":"follow","max-snippet":"max-snippet:-1","max-image-preview":"max-image-preview:large","max-video-preview":"max-video-preview:-1"},"canonical":"https:\/\/stumpp-stuttgart.de\/index.php\/arbeitnehmer\/","og_locale":"de_DE","og_type":"article","og_title":"Arbeitnehmer -","og_description":"Wir beraten Sie als Arbeitnehmer oder Arbeitnehmerin Sie ben\u00f6tigen anwaltliche Unterst\u00fctzung an Ihrem Arbeitsplatz &#8211; Wir sind f\u00fcr Sie da Wir beraten Sie umfassend und vertreten Sie und Ihre Interessen auch vor Gericht bei K\u00fcndigung und Abmahnung bei ausbleibenden Zahlungen","og_url":"https:\/\/stumpp-stuttgart.de\/index.php\/arbeitnehmer\/","article_modified_time":"2020-04-29T13:01:10+00:00","og_image":[{"url":"https:\/\/stumpp-stuttgart.de\/wp-content\/uploads\/2020\/04\/Arbeitsrecht_Kopfbild.jpg","type":"","width":"","height":""}],"twitter_card":"summary_large_image","schema":{"@context":"https:\/\/schema.org","@graph":[{"@type":"WebPage","@id":"https:\/\/stumpp-stuttgart.de\/index.php\/arbeitnehmer\/","url":"https:\/\/stumpp-stuttgart.de\/index.php\/arbeitnehmer\/","name":"Arbeitnehmer -","isPartOf":{"@id":"https:\/\/stumpp-stuttgart.de\/#website"},"primaryImageOfPage":{"@id":"https:\/\/stumpp-stuttgart.de\/index.php\/arbeitnehmer\/#primaryimage"},"image":{"@id":"https:\/\/stumpp-stuttgart.de\/index.php\/arbeitnehmer\/#primaryimage"},"thumbnailUrl":"https:\/\/stumpp-stuttgart.de\/wp-content\/uploads\/2020\/04\/Arbeitsrecht_Kopfbild.jpg","datePublished":"2020-04-02T07:57:23+00:00","dateModified":"2020-04-29T13:01:10+00:00","breadcrumb":{"@id":"https:\/\/stumpp-stuttgart.de\/index.php\/arbeitnehmer\/#breadcrumb"},"inLanguage":"de","potentialAction":[{"@type":"ReadAction","target":["https:\/\/stumpp-stuttgart.de\/index.php\/arbeitnehmer\/"]}]},{"@type":"ImageObject","inLanguage":"de","@id":"https:\/\/stumpp-stuttgart.de\/index.php\/arbeitnehmer\/#primaryimage","url":"https:\/\/stumpp-stuttgart.de\/wp-content\/uploads\/2020\/04\/Arbeitsrecht_Kopfbild.jpg","contentUrl":"https:\/\/stumpp-stuttgart.de\/wp-content\/uploads\/2020\/04\/Arbeitsrecht_Kopfbild.jpg","width":1400,"height":300},{"@type":"BreadcrumbList","@id":"https:\/\/stumpp-stuttgart.de\/index.php\/arbeitnehmer\/#breadcrumb","itemListElement":[{"@type":"ListItem","position":1,"name":"Startseite","item":"https:\/\/stumpp-stuttgart.de\/"},{"@type":"ListItem","position":2,"name":"Arbeitnehmer"}]},{"@type":"WebSite","@id":"https:\/\/stumpp-stuttgart.de\/#website","url":"https:\/\/stumpp-stuttgart.de\/","name":"","description":"Stumpp-Stuttgart   Anwalts- und Notarkanzlei","potentialAction":[{"@type":"SearchAction","target":{"@type":"EntryPoint","urlTemplate":"https:\/\/stumpp-stuttgart.de\/?s={search_term_string}"},"query-input":{"@type":"PropertyValueSpecification","valueRequired":true,"valueName":"search_term_string"}}],"inLanguage":"de"}]}},"_links":{"self":[{"href":"https:\/\/stumpp-stuttgart.de\/index.php\/wp-json\/wp\/v2\/pages\/393","targetHints":{"allow":["GET"]}}],"collection":[{"href":"https:\/\/stumpp-stuttgart.de\/index.php\/wp-json\/wp\/v2\/pages"}],"about":[{"href":"https:\/\/stumpp-stuttgart.de\/index.php\/wp-json\/wp\/v2\/types\/page"}],"author":[{"embeddable":true,"href":"https:\/\/stumpp-stuttgart.de\/index.php\/wp-json\/wp\/v2\/users\/3"}],"replies":[{"embeddable":true,"href":"https:\/\/stumpp-stuttgart.de\/index.php\/wp-json\/wp\/v2\/comments?post=393"}],"version-history":[{"count":0,"href":"https:\/\/stumpp-stuttgart.de\/index.php\/wp-json\/wp\/v2\/pages\/393\/revisions"}],"wp:attachment":[{"href":"https:\/\/stumpp-stuttgart.de\/index.php\/wp-json\/wp\/v2\/media?parent=393"}],"curies":[{"name":"wp","href":"https:\/\/api.w.org\/{rel}","templated":true}]}}