{"id":39,"date":"2020-03-06T19:58:34","date_gmt":"2020-03-06T18:58:34","guid":{"rendered":"http:\/\/stumpp-stuttgart.de\/?page_id=39"},"modified":"2020-04-24T14:36:51","modified_gmt":"2020-04-24T12:36:51","slug":"startseite","status":"publish","type":"page","link":"https:\/\/stumpp-stuttgart.de\/","title":{"rendered":"Startseite"},"content":{"rendered":"\t\t<div data-elementor-type=\"wp-page\" data-elementor-id=\"39\" class=\"elementor elementor-39\">\n\t\t\t\t\t\t<section class=\"elementor-section elementor-top-section elementor-element elementor-element-f913e31 elementor-section-boxed elementor-section-height-default elementor-section-height-default\" data-id=\"f913e31\" data-element_type=\"section\" data-e-type=\"section\">\n\t\t\t\t\t\t<div class=\"elementor-container elementor-column-gap-default\">\n\t\t\t\t\t<div class=\"elementor-column elementor-col-50 elementor-top-column elementor-element elementor-element-ae02251\" data-id=\"ae02251\" data-element_type=\"column\" data-e-type=\"column\">\n\t\t\t<div class=\"elementor-widget-wrap elementor-element-populated\">\n\t\t\t\t\t\t<div class=\"elementor-element elementor-element-d57fb71 elementor-widget elementor-widget-text-editor\" data-id=\"d57fb71\" data-element_type=\"widget\" data-e-type=\"widget\" data-widget_type=\"text-editor.default\">\n\t\t\t\t<div class=\"elementor-widget-container\">\n\t\t\t\t\t\t\t\t\t<p>Willkommen in der Anwalts- und Notarkanzlei Stumpp-Stuttgart.<br \/>Die Kanzlei liegt verkehrsg\u00fcnstig im Herzen Stuttgarts.<\/p><p>Wir freuen uns f\u00fcr Sie t\u00e4tig werden zu k\u00f6nnen:<\/p>\t\t\t\t\t\t\t\t<\/div>\n\t\t\t\t<\/div>\n\t\t\t\t\t<\/div>\n\t\t<\/div>\n\t\t\t\t<div class=\"elementor-column elementor-col-50 elementor-top-column elementor-element elementor-element-d109e1f\" data-id=\"d109e1f\" data-element_type=\"column\" data-e-type=\"column\">\n\t\t\t<div class=\"elementor-widget-wrap elementor-element-populated\">\n\t\t\t\t\t\t<div class=\"elementor-element elementor-element-931f687 elementor-widget elementor-widget-text-editor\" data-id=\"931f687\" data-element_type=\"widget\" data-e-type=\"widget\" data-widget_type=\"text-editor.default\">\n\t\t\t\t<div class=\"elementor-widget-container\">\n\t\t\t\t\t\t\t\t\t<p><a href=\"http:\/\/stumpp-stuttgart.de\/index.php\/anwaltsnotar\/\">Anwaltsnotariat<\/a> \u2022 <a href=\"http:\/\/stumpp-stuttgart.de\/index.php\/vertragsgestaltung\/\">Firmenvertr\u00e4ge<\/a> \u2022 <a href=\"http:\/\/stumpp-stuttgart.de\/index.php\/vertragsgestaltung\/\">Ehevertr\u00e4ge<\/a> \u2022 <a href=\"http:\/\/stumpp-stuttgart.de\/index.php\/arbeitsrecht-fachanwalt\/\">Arbeitsrecht<\/a> \u2022 <a href=\"http:\/\/stumpp-stuttgart.de\/index.php\/testamentsvollstreckung\/\">Testamente<\/a> \u2022 <a href=\"http:\/\/stumpp-stuttgart.de\/index.php\/testamentsvollstreckung\/\">Erbrecht<\/a> \u2022 <a href=\"http:\/\/stumpp-stuttgart.de\/index.php\/immobilien-und-grundstuecksrecht\/\">Immobilienkauf<\/a> \u2022 <a href=\"http:\/\/stumpp-stuttgart.de\/index.php\/forderungsbeitreibung\/\">Forderungen und Inkasso<\/a> \u2022 <a href=\"http:\/\/stumpp-stuttgart.de\/index.php\/anwaltsnotar\/\">Beglaubigungen<\/a> \u2022 <a href=\"http:\/\/stumpp-stuttgart.de\/index.php\/vertragsgestaltung\/\">Vertragsgestaltung<\/a> \u2022 <a href=\"http:\/\/stumpp-stuttgart.de\/index.php\/erbrecht\/\">Nachlass<\/a> \u2022 <a href=\"http:\/\/stumpp-stuttgart.de\/index.php\/arbeitsrecht-fachanwalt\/\">Rechtsberatung<\/a> \u2022 <a href=\"http:\/\/stumpp-stuttgart.de\/index.php\/forderungsbeitreibung\/\">Vollstreckung<\/a> \u2022 <a href=\"http:\/\/stumpp-stuttgart.de\/index.php\/allgemeine-geschaeftsbedingungen\/\">AGBs formulieren<\/a><\/p>\t\t\t\t\t\t\t\t<\/div>\n\t\t\t\t<\/div>\n\t\t\t\t\t<\/div>\n\t\t<\/div>\n\t\t\t\t\t<\/div>\n\t\t<\/section>\n\t\t\t\t<section class=\"elementor-section elementor-top-section elementor-element elementor-element-7688c69 elementor-section-boxed elementor-section-height-default elementor-section-height-default\" data-id=\"7688c69\" data-element_type=\"section\" data-e-type=\"section\">\n\t\t\t\t\t\t<div class=\"elementor-container elementor-column-gap-default\">\n\t\t\t\t\t<div class=\"elementor-column elementor-col-20 elementor-top-column elementor-element elementor-element-3b4f406\" data-id=\"3b4f406\" data-element_type=\"column\" data-e-type=\"column\">\n\t\t\t<div class=\"elementor-widget-wrap elementor-element-populated\">\n\t\t\t\t\t\t<div class=\"elementor-element elementor-element-02c012c elementor-position-top elementor-widget elementor-widget-image-box\" data-id=\"02c012c\" data-element_type=\"widget\" data-e-type=\"widget\" data-widget_type=\"image-box.default\">\n\t\t\t\t<div class=\"elementor-widget-container\">\n\t\t\t\t\t<div class=\"elementor-image-box-wrapper\"><figure class=\"elementor-image-box-img\"><a href=\"http:\/\/stumpp-stuttgart.de\/index.php\/anwaltsnotar\/\" tabindex=\"-1\"><img fetchpriority=\"high\" decoding=\"async\" width=\"365\" height=\"365\" src=\"https:\/\/stumpp-stuttgart.de\/wp-content\/uploads\/2020\/04\/kachel_notar.jpg\" class=\"attachment-full size-full wp-image-799\" alt=\"\" srcset=\"https:\/\/stumpp-stuttgart.de\/wp-content\/uploads\/2020\/04\/kachel_notar.jpg 365w, https:\/\/stumpp-stuttgart.de\/wp-content\/uploads\/2020\/04\/kachel_notar-300x300.jpg 300w, https:\/\/stumpp-stuttgart.de\/wp-content\/uploads\/2020\/04\/kachel_notar-150x150.jpg 150w, https:\/\/stumpp-stuttgart.de\/wp-content\/uploads\/2020\/04\/kachel_notar-270x270.jpg 270w, https:\/\/stumpp-stuttgart.de\/wp-content\/uploads\/2020\/04\/kachel_notar-230x230.jpg 230w\" sizes=\"(max-width: 365px) 100vw, 365px\" \/><\/a><\/figure><\/div>\t\t\t\t<\/div>\n\t\t\t\t<\/div>\n\t\t\t\t\t<\/div>\n\t\t<\/div>\n\t\t\t\t<div class=\"elementor-column elementor-col-20 elementor-top-column elementor-element elementor-element-55267fb\" data-id=\"55267fb\" data-element_type=\"column\" data-e-type=\"column\">\n\t\t\t<div class=\"elementor-widget-wrap elementor-element-populated\">\n\t\t\t\t\t\t<div class=\"elementor-element elementor-element-a47469a elementor-position-top elementor-widget elementor-widget-image-box\" data-id=\"a47469a\" data-element_type=\"widget\" data-e-type=\"widget\" data-widget_type=\"image-box.default\">\n\t\t\t\t<div class=\"elementor-widget-container\">\n\t\t\t\t\t<div class=\"elementor-image-box-wrapper\"><figure class=\"elementor-image-box-img\"><a href=\"http:\/\/stumpp-stuttgart.de\/index.php\/testamentsvollstreckung\/\" tabindex=\"-1\"><img decoding=\"async\" width=\"365\" height=\"365\" src=\"https:\/\/stumpp-stuttgart.de\/wp-content\/uploads\/2020\/04\/anwalt_stuttgart_9.jpg\" class=\"attachment-full size-full wp-image-586\" alt=\"\" srcset=\"https:\/\/stumpp-stuttgart.de\/wp-content\/uploads\/2020\/04\/anwalt_stuttgart_9.jpg 365w, https:\/\/stumpp-stuttgart.de\/wp-content\/uploads\/2020\/04\/anwalt_stuttgart_9-300x300.jpg 300w, https:\/\/stumpp-stuttgart.de\/wp-content\/uploads\/2020\/04\/anwalt_stuttgart_9-150x150.jpg 150w, https:\/\/stumpp-stuttgart.de\/wp-content\/uploads\/2020\/04\/anwalt_stuttgart_9-270x270.jpg 270w, https:\/\/stumpp-stuttgart.de\/wp-content\/uploads\/2020\/04\/anwalt_stuttgart_9-230x230.jpg 230w\" sizes=\"(max-width: 365px) 100vw, 365px\" \/><\/a><\/figure><\/div>\t\t\t\t<\/div>\n\t\t\t\t<\/div>\n\t\t\t\t\t<\/div>\n\t\t<\/div>\n\t\t\t\t<div class=\"elementor-column elementor-col-20 elementor-top-column elementor-element elementor-element-604dc11\" data-id=\"604dc11\" data-element_type=\"column\" data-e-type=\"column\">\n\t\t\t<div class=\"elementor-widget-wrap elementor-element-populated\">\n\t\t\t\t\t\t<div class=\"elementor-element elementor-element-06e6532 elementor-position-top elementor-widget elementor-widget-image-box\" data-id=\"06e6532\" data-element_type=\"widget\" data-e-type=\"widget\" data-widget_type=\"image-box.default\">\n\t\t\t\t<div class=\"elementor-widget-container\">\n\t\t\t\t\t<div class=\"elementor-image-box-wrapper\"><figure class=\"elementor-image-box-img\"><a href=\"http:\/\/stumpp-stuttgart.de\/index.php\/vertragsgestaltung\/\" tabindex=\"-1\"><img decoding=\"async\" width=\"365\" height=\"365\" src=\"https:\/\/stumpp-stuttgart.de\/wp-content\/uploads\/2020\/04\/Kachel_vert.jpg\" class=\"attachment-full size-full wp-image-788\" alt=\"\" srcset=\"https:\/\/stumpp-stuttgart.de\/wp-content\/uploads\/2020\/04\/Kachel_vert.jpg 365w, https:\/\/stumpp-stuttgart.de\/wp-content\/uploads\/2020\/04\/Kachel_vert-300x300.jpg 300w, https:\/\/stumpp-stuttgart.de\/wp-content\/uploads\/2020\/04\/Kachel_vert-150x150.jpg 150w, https:\/\/stumpp-stuttgart.de\/wp-content\/uploads\/2020\/04\/Kachel_vert-270x270.jpg 270w, https:\/\/stumpp-stuttgart.de\/wp-content\/uploads\/2020\/04\/Kachel_vert-230x230.jpg 230w\" sizes=\"(max-width: 365px) 100vw, 365px\" \/><\/a><\/figure><\/div>\t\t\t\t<\/div>\n\t\t\t\t<\/div>\n\t\t\t\t\t<\/div>\n\t\t<\/div>\n\t\t\t\t<div class=\"elementor-column elementor-col-20 elementor-top-column elementor-element elementor-element-f50eb05\" data-id=\"f50eb05\" data-element_type=\"column\" data-e-type=\"column\">\n\t\t\t<div class=\"elementor-widget-wrap elementor-element-populated\">\n\t\t\t\t\t\t<div class=\"elementor-element elementor-element-8dce27b elementor-position-top elementor-widget elementor-widget-image-box\" data-id=\"8dce27b\" data-element_type=\"widget\" data-e-type=\"widget\" data-widget_type=\"image-box.default\">\n\t\t\t\t<div class=\"elementor-widget-container\">\n\t\t\t\t\t<div class=\"elementor-image-box-wrapper\"><figure class=\"elementor-image-box-img\"><a href=\"http:\/\/stumpp-stuttgart.de\/index.php\/arbeitsrecht-fachanwalt\/\" tabindex=\"-1\"><img loading=\"lazy\" decoding=\"async\" width=\"365\" height=\"365\" src=\"https:\/\/stumpp-stuttgart.de\/wp-content\/uploads\/2020\/04\/anwalt_stuttgart_3.jpg\" class=\"attachment-full size-full wp-image-578\" alt=\"\" srcset=\"https:\/\/stumpp-stuttgart.de\/wp-content\/uploads\/2020\/04\/anwalt_stuttgart_3.jpg 365w, https:\/\/stumpp-stuttgart.de\/wp-content\/uploads\/2020\/04\/anwalt_stuttgart_3-300x300.jpg 300w, https:\/\/stumpp-stuttgart.de\/wp-content\/uploads\/2020\/04\/anwalt_stuttgart_3-150x150.jpg 150w, https:\/\/stumpp-stuttgart.de\/wp-content\/uploads\/2020\/04\/anwalt_stuttgart_3-270x270.jpg 270w, https:\/\/stumpp-stuttgart.de\/wp-content\/uploads\/2020\/04\/anwalt_stuttgart_3-230x230.jpg 230w\" sizes=\"(max-width: 365px) 100vw, 365px\" \/><\/a><\/figure><\/div>\t\t\t\t<\/div>\n\t\t\t\t<\/div>\n\t\t\t\t\t<\/div>\n\t\t<\/div>\n\t\t\t\t<div class=\"elementor-column elementor-col-20 elementor-top-column elementor-element elementor-element-22feae7\" data-id=\"22feae7\" data-element_type=\"column\" data-e-type=\"column\">\n\t\t\t<div class=\"elementor-widget-wrap elementor-element-populated\">\n\t\t\t\t\t\t<div class=\"elementor-element elementor-element-efd0072 elementor-position-top elementor-widget elementor-widget-image-box\" data-id=\"efd0072\" data-element_type=\"widget\" data-e-type=\"widget\" data-widget_type=\"image-box.default\">\n\t\t\t\t<div class=\"elementor-widget-container\">\n\t\t\t\t\t<div class=\"elementor-image-box-wrapper\"><figure class=\"elementor-image-box-img\"><a href=\"http:\/\/stumpp-stuttgart.de\/index.php\/forderungsbeitreibung\/\" tabindex=\"-1\"><img loading=\"lazy\" decoding=\"async\" width=\"365\" height=\"365\" src=\"https:\/\/stumpp-stuttgart.de\/wp-content\/uploads\/2020\/04\/anwalt_stutgart_2.jpg\" class=\"attachment-full size-full wp-image-579\" alt=\"\" srcset=\"https:\/\/stumpp-stuttgart.de\/wp-content\/uploads\/2020\/04\/anwalt_stutgart_2.jpg 365w, https:\/\/stumpp-stuttgart.de\/wp-content\/uploads\/2020\/04\/anwalt_stutgart_2-300x300.jpg 300w, https:\/\/stumpp-stuttgart.de\/wp-content\/uploads\/2020\/04\/anwalt_stutgart_2-150x150.jpg 150w, https:\/\/stumpp-stuttgart.de\/wp-content\/uploads\/2020\/04\/anwalt_stutgart_2-270x270.jpg 270w, https:\/\/stumpp-stuttgart.de\/wp-content\/uploads\/2020\/04\/anwalt_stutgart_2-230x230.jpg 230w\" sizes=\"(max-width: 365px) 100vw, 365px\" \/><\/a><\/figure><\/div>\t\t\t\t<\/div>\n\t\t\t\t<\/div>\n\t\t\t\t\t<\/div>\n\t\t<\/div>\n\t\t\t\t\t<\/div>\n\t\t<\/section>\n\t\t\t\t<\/div>\n\t\t","protected":false},"excerpt":{"rendered":"<p>Willkommen in der Anwalts- und Notarkanzlei Stumpp-Stuttgart.Die Kanzlei liegt verkehrsg\u00fcnstig im Herzen Stuttgarts. Wir freuen uns f\u00fcr Sie t\u00e4tig werden zu k\u00f6nnen: Anwaltsnotariat \u2022 Firmenvertr\u00e4ge \u2022 Ehevertr\u00e4ge \u2022 Arbeitsrecht \u2022 Testamente \u2022 Erbrecht \u2022 Immobilienkauf \u2022 Forderungen und Inkasso \u2022<\/p>\n","protected":false},"author":3,"featured_media":0,"parent":0,"menu_order":0,"comment_status":"closed","ping_status":"closed","template":"","meta":{"footnotes":""},"class_list":["post-39","page","type-page","status-publish","hentry"],"yoast_head":"<!-- This site is optimized with the Yoast SEO plugin v27.4 - https:\/\/yoast.com\/product\/yoast-seo-wordpress\/ -->\n<title>Startseite -<\/title>\n<meta name=\"robots\" content=\"index, follow, max-snippet:-1, max-image-preview:large, max-video-preview:-1\" \/>\n<link rel=\"canonical\" href=\"https:\/\/stumpp-stuttgart.de\/\" \/>\n<meta property=\"og:locale\" content=\"de_DE\" \/>\n<meta property=\"og:type\" content=\"article\" \/>\n<meta property=\"og:title\" content=\"Startseite -\" \/>\n<meta property=\"og:description\" content=\"Willkommen in der Anwalts- und Notarkanzlei Stumpp-Stuttgart.Die Kanzlei liegt verkehrsg\u00fcnstig im Herzen Stuttgarts. Wir freuen uns f\u00fcr Sie t\u00e4tig werden zu k\u00f6nnen: Anwaltsnotariat \u2022 Firmenvertr\u00e4ge \u2022 Ehevertr\u00e4ge \u2022 Arbeitsrecht \u2022 Testamente \u2022 Erbrecht \u2022 Immobilienkauf \u2022 Forderungen und Inkasso \u2022\" \/>\n<meta property=\"og:url\" content=\"https:\/\/stumpp-stuttgart.de\/\" \/>\n<meta property=\"article:modified_time\" content=\"2020-04-24T12:36:51+00:00\" \/>\n<meta property=\"og:image\" content=\"https:\/\/stumpp-stuttgart.de\/wp-content\/uploads\/2020\/04\/kachel_notar.jpg\" \/>\n<meta name=\"twitter:card\" content=\"summary_large_image\" \/>\n<script type=\"application\/ld+json\" class=\"yoast-schema-graph\">{\"@context\":\"https:\\\/\\\/schema.org\",\"@graph\":[{\"@type\":\"WebPage\",\"@id\":\"https:\\\/\\\/stumpp-stuttgart.de\\\/\",\"url\":\"https:\\\/\\\/stumpp-stuttgart.de\\\/\",\"name\":\"Startseite -\",\"isPartOf\":{\"@id\":\"https:\\\/\\\/stumpp-stuttgart.de\\\/#website\"},\"primaryImageOfPage\":{\"@id\":\"https:\\\/\\\/stumpp-stuttgart.de\\\/#primaryimage\"},\"image\":{\"@id\":\"https:\\\/\\\/stumpp-stuttgart.de\\\/#primaryimage\"},\"thumbnailUrl\":\"https:\\\/\\\/stumpp-stuttgart.de\\\/wp-content\\\/uploads\\\/2020\\\/04\\\/kachel_notar.jpg\",\"datePublished\":\"2020-03-06T18:58:34+00:00\",\"dateModified\":\"2020-04-24T12:36:51+00:00\",\"breadcrumb\":{\"@id\":\"https:\\\/\\\/stumpp-stuttgart.de\\\/#breadcrumb\"},\"inLanguage\":\"de\",\"potentialAction\":[{\"@type\":\"ReadAction\",\"target\":[\"https:\\\/\\\/stumpp-stuttgart.de\\\/\"]}]},{\"@type\":\"ImageObject\",\"inLanguage\":\"de\",\"@id\":\"https:\\\/\\\/stumpp-stuttgart.de\\\/#primaryimage\",\"url\":\"https:\\\/\\\/stumpp-stuttgart.de\\\/wp-content\\\/uploads\\\/2020\\\/04\\\/kachel_notar.jpg\",\"contentUrl\":\"https:\\\/\\\/stumpp-stuttgart.de\\\/wp-content\\\/uploads\\\/2020\\\/04\\\/kachel_notar.jpg\",\"width\":365,\"height\":365},{\"@type\":\"BreadcrumbList\",\"@id\":\"https:\\\/\\\/stumpp-stuttgart.de\\\/#breadcrumb\",\"itemListElement\":[{\"@type\":\"ListItem\",\"position\":1,\"name\":\"Startseite\",\"item\":\"https:\\\/\\\/stumpp-stuttgart.de\\\/\"},{\"@type\":\"ListItem\",\"position\":2,\"name\":\"Startseite\"}]},{\"@type\":\"WebSite\",\"@id\":\"https:\\\/\\\/stumpp-stuttgart.de\\\/#website\",\"url\":\"https:\\\/\\\/stumpp-stuttgart.de\\\/\",\"name\":\"\",\"description\":\"Stumpp-Stuttgart   Anwalts- und Notarkanzlei\",\"potentialAction\":[{\"@type\":\"SearchAction\",\"target\":{\"@type\":\"EntryPoint\",\"urlTemplate\":\"https:\\\/\\\/stumpp-stuttgart.de\\\/?s={search_term_string}\"},\"query-input\":{\"@type\":\"PropertyValueSpecification\",\"valueRequired\":true,\"valueName\":\"search_term_string\"}}],\"inLanguage\":\"de\"}]}<\/script>\n<!-- \/ Yoast SEO plugin. -->","yoast_head_json":{"title":"Startseite -","robots":{"index":"index","follow":"follow","max-snippet":"max-snippet:-1","max-image-preview":"max-image-preview:large","max-video-preview":"max-video-preview:-1"},"canonical":"https:\/\/stumpp-stuttgart.de\/","og_locale":"de_DE","og_type":"article","og_title":"Startseite -","og_description":"Willkommen in der Anwalts- und Notarkanzlei Stumpp-Stuttgart.Die Kanzlei liegt verkehrsg\u00fcnstig im Herzen Stuttgarts. Wir freuen uns f\u00fcr Sie t\u00e4tig werden zu k\u00f6nnen: Anwaltsnotariat \u2022 Firmenvertr\u00e4ge \u2022 Ehevertr\u00e4ge \u2022 Arbeitsrecht \u2022 Testamente \u2022 Erbrecht \u2022 Immobilienkauf \u2022 Forderungen und Inkasso \u2022","og_url":"https:\/\/stumpp-stuttgart.de\/","article_modified_time":"2020-04-24T12:36:51+00:00","og_image":[{"url":"https:\/\/stumpp-stuttgart.de\/wp-content\/uploads\/2020\/04\/kachel_notar.jpg","type":"","width":"","height":""}],"twitter_card":"summary_large_image","schema":{"@context":"https:\/\/schema.org","@graph":[{"@type":"WebPage","@id":"https:\/\/stumpp-stuttgart.de\/","url":"https:\/\/stumpp-stuttgart.de\/","name":"Startseite -","isPartOf":{"@id":"https:\/\/stumpp-stuttgart.de\/#website"},"primaryImageOfPage":{"@id":"https:\/\/stumpp-stuttgart.de\/#primaryimage"},"image":{"@id":"https:\/\/stumpp-stuttgart.de\/#primaryimage"},"thumbnailUrl":"https:\/\/stumpp-stuttgart.de\/wp-content\/uploads\/2020\/04\/kachel_notar.jpg","datePublished":"2020-03-06T18:58:34+00:00","dateModified":"2020-04-24T12:36:51+00:00","breadcrumb":{"@id":"https:\/\/stumpp-stuttgart.de\/#breadcrumb"},"inLanguage":"de","potentialAction":[{"@type":"ReadAction","target":["https:\/\/stumpp-stuttgart.de\/"]}]},{"@type":"ImageObject","inLanguage":"de","@id":"https:\/\/stumpp-stuttgart.de\/#primaryimage","url":"https:\/\/stumpp-stuttgart.de\/wp-content\/uploads\/2020\/04\/kachel_notar.jpg","contentUrl":"https:\/\/stumpp-stuttgart.de\/wp-content\/uploads\/2020\/04\/kachel_notar.jpg","width":365,"height":365},{"@type":"BreadcrumbList","@id":"https:\/\/stumpp-stuttgart.de\/#breadcrumb","itemListElement":[{"@type":"ListItem","position":1,"name":"Startseite","item":"https:\/\/stumpp-stuttgart.de\/"},{"@type":"ListItem","position":2,"name":"Startseite"}]},{"@type":"WebSite","@id":"https:\/\/stumpp-stuttgart.de\/#website","url":"https:\/\/stumpp-stuttgart.de\/","name":"","description":"Stumpp-Stuttgart   Anwalts- und Notarkanzlei","potentialAction":[{"@type":"SearchAction","target":{"@type":"EntryPoint","urlTemplate":"https:\/\/stumpp-stuttgart.de\/?s={search_term_string}"},"query-input":{"@type":"PropertyValueSpecification","valueRequired":true,"valueName":"search_term_string"}}],"inLanguage":"de"}]}},"_links":{"self":[{"href":"https:\/\/stumpp-stuttgart.de\/index.php\/wp-json\/wp\/v2\/pages\/39","targetHints":{"allow":["GET"]}}],"collection":[{"href":"https:\/\/stumpp-stuttgart.de\/index.php\/wp-json\/wp\/v2\/pages"}],"about":[{"href":"https:\/\/stumpp-stuttgart.de\/index.php\/wp-json\/wp\/v2\/types\/page"}],"author":[{"embeddable":true,"href":"https:\/\/stumpp-stuttgart.de\/index.php\/wp-json\/wp\/v2\/users\/3"}],"replies":[{"embeddable":true,"href":"https:\/\/stumpp-stuttgart.de\/index.php\/wp-json\/wp\/v2\/comments?post=39"}],"version-history":[{"count":0,"href":"https:\/\/stumpp-stuttgart.de\/index.php\/wp-json\/wp\/v2\/pages\/39\/revisions"}],"wp:attachment":[{"href":"https:\/\/stumpp-stuttgart.de\/index.php\/wp-json\/wp\/v2\/media?parent=39"}],"curies":[{"name":"wp","href":"https:\/\/api.w.org\/{rel}","templated":true}]}}