{"id":20,"date":"2020-03-06T19:34:56","date_gmt":"2020-03-06T18:34:56","guid":{"rendered":"http:\/\/stumpp-stuttgart.de\/?page_id=20"},"modified":"2020-09-17T18:25:08","modified_gmt":"2020-09-17T16:25:08","slug":"datenschutz","status":"publish","type":"page","link":"https:\/\/stumpp-stuttgart.de\/index.php\/datenschutz\/","title":{"rendered":"Datenschutz"},"content":{"rendered":"\t\t<div data-elementor-type=\"wp-page\" data-elementor-id=\"20\" class=\"elementor elementor-20\">\n\t\t\t\t\t\t<section class=\"elementor-section elementor-top-section elementor-element elementor-element-1ae1882 elementor-section-boxed elementor-section-height-default elementor-section-height-default\" data-id=\"1ae1882\" data-element_type=\"section\" data-e-type=\"section\">\n\t\t\t\t\t\t<div class=\"elementor-container elementor-column-gap-default\">\n\t\t\t\t\t<div class=\"elementor-column elementor-col-100 elementor-top-column elementor-element elementor-element-28e986f\" data-id=\"28e986f\" data-element_type=\"column\" data-e-type=\"column\">\n\t\t\t<div class=\"elementor-widget-wrap elementor-element-populated\">\n\t\t\t\t\t\t<div class=\"elementor-element elementor-element-e65de1a elementor-widget elementor-widget-text-editor\" data-id=\"e65de1a\" data-element_type=\"widget\" data-e-type=\"widget\" data-widget_type=\"text-editor.default\">\n\t\t\t\t<div class=\"elementor-widget-container\">\n\t\t\t\t\t\t\t\t\t<h3>Datenschutz<strong style=\"font-size: 16px; font-style: normal; font-variant-ligatures: normal; font-variant-caps: normal; font-family: Lato, sans-serif;\"><br><\/strong><\/h3>\n<p><strong style=\"font-size: 16px; font-style: normal; font-variant-ligatures: normal; font-variant-caps: normal; font-family: Lato, sans-serif;\">1. Kontaktdaten<\/strong><\/p>\n<p><strong>Verantwortlicher&nbsp;<\/strong><\/p>\n<p>dieser Homepage ist<br>Rechtsanwalt und Notar Bernd Stumpp,<br>G\u00e4nsheidestra\u00dfe 35<br>70184 Stuttgart (Deutschland),<br>E-Mail: kanzlei(at)stumpp-stuttgart.de,<br>Telefon: 0711 248 959-20<\/p>\n<p><strong>Datenschutzbeauftragter<\/strong>&nbsp;ist<br>Matthias R\u00fchle<br>Wiesentalstra\u00dfe 34<br>71384 Weinstadt<br>matthias.ruehle@deeporangegmbh.de<\/p>\n<p><strong>2. Erhebung und Speicherung personenbezogener Daten sowie Art und Zweck ihrer Verwendung<\/strong><br><strong>a) Beim Besuch der Website<\/strong><\/p>\n<p>Als Rechtsanwalt und Notar nehme ich den Schutz Ihrer personenbezogenen Daten (wie z.B. Name, Anschrift,<br>Geburtsdatum, E-Mail-Adresse) sehr ernst und garantiere f\u00fcr die Einhaltung der gesetzlichen Bestimmungen. Beim<br>Aufrufen der Website stecher-stumpp.de werden durch den auf Ihrem Endger\u00e4t zum Einsatz kommenden Browser <br>automatisch Informationen an den Server meiner Website gesendet und dort sodann tempor\u00e4r bis zu ihrer L\u00f6schung<br>gespeichert. Dies betrifft insbesondere folgende Informationen:<\/p>\n<p>IP-Adresse des anfragenden Rechners,<br>Datum und Uhrzeit des Zugriffs,<br>Name und URL der abgerufenen Datei,<br>Website, von der aus der Zugriff erfolgt (Referrer-URL),<br>verwendeter Browser und ggf. das Betriebssystem Ihres Rechners sowie<br>der Name Ihres Access-Providers.<\/p>\n<p>Die genannten Daten werden durch mich zu folgenden Zwecken verarbeitet:<\/p>\n<p>Gew\u00e4hrleistung eines reibungslosen Verbindungsaufbaus der Website,<br>Gew\u00e4hrleistung einer komfortablen Nutzung meiner Website,<br>Auswertung der Systemsicherheit und -stabilit\u00e4t sowie<br>zu weiteren administrativen Zwecken.<\/p>\n<p>Die Rechtsgrundlage f\u00fcr die Datenverarbeitung ist Art. 6 Abs. 1 S. 1 lit. f DSGVO. Das berechtigte<br>Interesse folgt aus den vorstehend aufgelisteten Zwecken zur Datenerhebung. In keinem Fall verwende ich die<br>erhobenen Daten zu dem Zweck, R\u00fcckschl\u00fcsse auf Ihre Person zu ziehen.<\/p>\n<p><strong><br>b) Nutzung meines Kontaktformulars<br><\/strong><br>Bei Fragen jeglicher Art biete ich Ihnen die M\u00f6glichkeit, mit mir \u00fcber ein auf der Website bereit<br>gestelltes Formular Kontakt aufzunehmen. Zur Bearbeitung dieser Kontaktanfrage ist in jedem Falle die<br>Angabe Ihres Namens und Vornamens, Ihrer E-Mail-Adresse bzw. R\u00fcckrufnummer sowie die m\u00f6glichst<br>konkrete Bezeichnung Ihres Anliegens erforderlich. Weitere Angaben k\u00f6nnen freiwillig get\u00e4tigt werden. Die<br>Datenverarbeitung zum Zwecke der Kontaktaufnahme erfolgt nach Art. 6 Abs. 1 S. 1 lit. a DSGVO auf Grundlage<br>Ihrer freiwillig erteilten Einwilligung.<br>Die f\u00fcr die Benutzung des Kontaktformulars erhobenen personenbezogenen Daten werden nach<br>Erledigung der von Ihnen gestellten Anfrage gel\u00f6scht.<\/p>\n<p><strong>3. Weitergabe von Daten<\/strong><br>Eine \u00dcbermittlung Ihrer pers\u00f6nlichen Daten an Dritte erfolgt nur dann,<\/p>\n<p>wenn Sie Ihre nach Art. 6 Abs. 1 S. 1 lit. a DSGVO ausdr\u00fcckliche Einwilligung dazu erteilt haben,<br>wenn die Weitergabe nach Art. 6 Abs. 1 S. 1 lit. f DSGVO zur Geltendmachung, Aus\u00fcbung oder Verteidigung<br>von Rechtsanspr\u00fcchen erforderlich ist und kein Grund zur Annahme besteht, dass Sie ein \u00fcberwiegendes <br>schutzw\u00fcrdiges Interesse an der Nichtweitergabe Ihrer Daten haben, wenn f\u00fcr die Weitergabe nach Art. 6 Abs.<br>1 S. 1 lit. c DSGVO eine gesetzliche Verpflichtung besteht, sowie wenn dies gesetzlich zul\u00e4ssig und nach <br>Art. 6 Abs. 1 S. 1 lit. b DSGVO f\u00fcr die Abwicklung von Vertragsverh\u00e4ltnissen mit Ihnen erforderlich ist.<\/p>\n<p><strong>4. Cookies<\/strong><br>Meine Homepage arbeitet mit sogenannten &#8222;Cookies&#8220;. Hierbei handelt es sich um kleine Dateien, die Ihr<br>Browser, wenn Sie meine Seite besuchen, automatisch erstellt und die auf Ihrem Endger\u00e4t (Laptop, Tablet,<br>Smartphone o.\u00e4.) gespeichert werden. Cookies richten auf Ihrem Endger\u00e4t keinen Schaden an, enthalten keine<br>Viren, Trojaner oder sonstige Schadsoftware und werden nach Ablauf einer festgelegten Zeitdauer automatisch<br>gel\u00f6scht.<br>Der Einsatz von Cookies dient einerseits dazu, die Nutzung meines Angebots f\u00fcr Sie komfortabler zu gestalten.<br>So werden z.B. tempor\u00e4re Cookies f\u00fcr einen bestimmten festgelegten Zeitraum auf Ihrem Endger\u00e4t gespeichert und<br>\u00fcbernehmen, wenn Sie unsere Seite erneut besuchen, bereits erfolgte Eingaben und Einstellungen, damit Sie<br>diese nicht erneut vornehmen m\u00fcssen.<br>Zum anderen helfen mir Cookies, die Nutzung meiner Website statistisch zu erfassen und zum Zwecke<br>der Optimierung meines Angebotes f\u00fcr Sie auszuwerten.<br>Die durch Cookies verarbeiteten Daten sind f\u00fcr die genannten Zwecke zur Wahrung meiner berechtigten Interessen<br>sowie der Dritter nach Art. 6 Abs. 1 S. 1 lit. f DSGVO erforderlich.<\/p>\n<p><strong>5. Betroffenenrechte<\/strong><br>Sie haben das Recht gem\u00e4\u00df Art. 15 DSGVO Auskunft \u00fcber Ihre von mir verarbeiteten personenbezogenen Daten zu<br>verlangen. Insbesondere k\u00f6nnen Sie Auskunft \u00fcber die Verarbeitungszwecke, die Kategorie der personenbezogenen Daten, <br>die Kategorien von Empf\u00e4ngern, gegen\u00fcber denen Ihre Daten offengelegt wurden oder<br>werden, die geplante Speicherdauer, das Bestehen eines Rechts auf Berichtigung, L\u00f6schung, Einschr\u00e4nkung der Verarbeitung<br>oder Widerspruch, das Bestehen eines Beschwerderechts, die Herkunft ihrer Daten, sofern diese nicht hier erhoben wurden, <br>sowie \u00fcber das Bestehen einer automatisierten Entscheidungsfindung einschlie\u00dflich Profiling und ggf. aussagekr\u00e4ftigen Informationen zu deren Einzelheiten verlangen;<\/p>\n<p>gem\u00e4\u00df Art. 16 DSGVO unverz\u00fcglich die Berichtigung unrichtiger oder Vervollst\u00e4ndigung Ihrer hier<br>gespeicherten personenbezogenen Daten zu verlangen;<br>gem\u00e4\u00df Art. 17 DSGVO die L\u00f6schung Ihrer hier gespeicherten personenbezogenen Daten zu verlangen, soweit<br>nicht die Verarbeitung zur Aus\u00fcbung des Rechts auf freie Meinungs\u00e4u\u00dferung und Information, zur Erf\u00fcllung<br>einer rechtlichen Verpflichtung, aus Gr\u00fcnden des \u00f6ffentlichen Interesses oder zur Geltendmachung, Aus\u00fcbung<br>oder Verteidigung von Rechtsanspr\u00fcchen erforderlich ist;<br>gem\u00e4\u00df Art. 18 DSGVO die Einschr\u00e4nkung der Verarbeitung Ihrer personenbezogenen Daten zu verlangen, soweit<br>die Richtigkeit der Daten von Ihnen bestritten wird, die Verarbeitung unrechtm\u00e4\u00dfig ist, Sie aber deren<br>L\u00f6schung ablehnen und ich die Daten nicht mehr ben\u00f6tige, Sie jedoch diese zur Geltendmachung, Aus\u00fcbung oder<br>Verteidigung von Rechtsanspr\u00fcchen ben\u00f6tigen oder Sie gem\u00e4\u00df Art. 21 DSGVO Widerspruch gegen die Verarbeitung<br>eingelegt haben;<br>gem\u00e4\u00df Art. 20 DSGVO Ihre personenbezogenen Daten, die Sie mir bereit gestellt haben, in einem<br>strukturierten, g\u00e4ngigen und maschinenlesebaren Format zu erhalten oder die \u00dcbermittlung an einen anderen Verantwortlichen zu verlangen;<br>gem\u00e4\u00df Art. 7 Abs. 3 DSGVO Ihre einmal erteilte Einwilligung jederzeit zu widerrufen. Dies hat zur Folge,<br>dass ich die Datenverarbeitung, die auf dieser Einwilligung beruhte, f\u00fcr die Zukunft nicht mehr fortf\u00fchren<br>werde und gem\u00e4\u00df Art. 77 DSGVO sich bei einer Aufsichtsbeh\u00f6rde zu beschweren. In der Regel k\u00f6nnen Sie sich hierf\u00fcr an<br>die Aufsichtsbeh\u00f6rde Ihres \u00fcblichen Aufenthaltsortes oder Arbeitsplatzes oder meines Kanzleisitzes wenden.<\/p>\n<p><strong>6. Widerspruchsrecht<\/strong><\/p>\n<p>Sofern Ihre personenbezogenen Daten auf der Grundlage von berechtigten Interessen gem\u00e4\u00df Art. 6<br>Abs. 1 S. 1 lit. f DSGVO verarbeitet werden, haben Sie das Recht, gem\u00e4\u00df Art. 21 DSGVO Widerspruch gegen die<br>Verarbeitung Ihrer personenbezogenen Daten einzulegen, soweit daf\u00fcr Gr\u00fcnde vorliegen, die sich aus Ihrer<br>besonderen Situation ergeben oder sich der Widerspruch gegen Direktwerbung richtet. Im letzteren Fall haben<br>Sie ein generelles Widerspruchsrecht, das ohne Angabe einer besonderen<br>Situation von mir beachtet wird.<br>M\u00f6chten Sie von Ihrem Widerrufs- oder Widerspruchsrecht Gebrauch machen, gen\u00fcgt eine E-Mail an<br>kanzlei@stecher-stumpp.de<\/p>\n<p><strong>7. Datensicherheit<\/strong><\/p>\n<p>Meine Website verwendet das verbreitete SSL-Verfahren (Secure Socket Layer) in Verbindung mit der<br>jeweils h\u00f6chsten Verschl\u00fcsselungsstufe, die von Ihrem Browser unterst\u00fctzt wird. In der Regel handelt es sich<br>dabei um eine 256 Bit Verschl\u00fcsselung. Falls Ihr Browser keine 256-Bit Verschl\u00fcsselung unterst\u00fctzt, wird<br>stattdessen auf 128-Bit v3 Technologie zur\u00fcckgegriffen. Ob eine einzelne Seite meines Internetauftrittes<br>verschl\u00fcsselt \u00fcbertragen wird, erkennen Sie an der geschlossenen Darstellung des Sch\u00fcssel- beziehungsweise<br>Schloss-Symbols in der unteren Statusleiste Ihres Browsers.<br>Im \u00dcbrigen sch\u00fctzen spezielle technische und organisatorische Sicherheitsma\u00dfnahmen Ihre Daten gegen zuf\u00e4llige<br>oder vors\u00e4tzliche Manipulationen, teilweisen oder vollst\u00e4ndigen Verlust, Zerst\u00f6rung oder gegen den unbefugten<br>Zugriff Dritter. Diese Sicherheitsma\u00dfnahmen werden entsprechend der<br>technologischen Entwicklung fortlaufend verbessert.<\/p>\n<p><strong>8. Google Fonts Datenschutzerkl\u00e4rung<\/strong><\/p>\n<p>Auf unserer Website verwenden wir Google Fonts. Das sind die \u201cGoogle-Schriften\u201d der Firma Google Inc. F\u00fcr den europ\u00e4ischen Raum ist das Unternehmen Google Ireland Limited (Gordon House, Barrow Street Dublin 4, Irland) f\u00fcr alle Google-Dienste verantwortlich.<br><span style=\"font-family: Lato, sans-serif; font-size: 16px;\">F\u00fcr die Verwendung von Google-Schriftarten m\u00fcssen Sie sich nicht anmelden bzw. ein Passwort hinterlegen. Weiters werden auch keine Cookies in Ihrem Browser gespeichert. Die Dateien (CSS, Schriftarten\/Fonts) werden \u00fcber die Google-Domains fonts.googleapis.com und fonts.gstatic.com angefordert. Laut Google sind die Anfragen nach CSS und Schriften vollkommen getrennt von allen anderen Google-Diensten. Wenn Sie ein Google-Konto haben, brauchen Sie keine Sorge haben, dass Ihre Google-Kontodaten, w\u00e4hrend der Verwendung von Google Fonts, an Google \u00fcbermittelt werden. Google erfasst die Nutzung von CSS (Cascading Style Sheets) und der verwendeten Schriftarten und speichert diese Daten sicher. Wie die Datenspeicherung genau aussieht, werden wir uns noch im Detail ansehen.<\/span><\/p>\n<p>Was sind Google Fonts?<br><span style=\"font-family: Lato, sans-serif; font-size: 16px;\">Google Fonts (fr\u00fcher Google Web Fonts) ist ein Verzeichnis mit \u00fcber 800 Schriftarten, die Google seinen Nutzern kostenlos zu Verf\u00fcgung stellt.&nbsp;<\/span><span style=\"font-family: Lato, sans-serif; font-size: 16px;\">Viele dieser Schriftarten sind unter der SIL Open Font License ver\u00f6ffentlicht, w\u00e4hrend andere unter der Apache-Lizenz ver\u00f6ffentlicht wurden. Beides sind freie Software-Lizenzen.<\/span><\/p>\n<p>Warum verwenden wir Google Fonts auf unserer Webseite?<br><span style=\"font-family: Lato, sans-serif; font-size: 16px;\">Mit Google Fonts k\u00f6nnen wir auf unserer eigenen Webseite Schriften nutzen, doch m\u00fcssen sie nicht auf unseren eigenen Server hochladen. Google Fonts ist ein wichtiger Baustein, um die Qualit\u00e4t unserer Webseite hoch zu halten. Alle Google-Schriften sind automatisch f\u00fcr das Web optimiert und dies spart Datenvolumen und ist speziell f\u00fcr die Verwendung mit mobilen Endger\u00e4ten ein gro\u00dfer Vorteil. Wenn Sie unsere Seite besuchen, sorgt die niedrige Dateigr\u00f6\u00dfe f\u00fcr eine schnelle Ladezeit. Des Weiteren sind Google Fonts sichere Web Fonts. Unterschiedliche Bildsynthese-Systeme (Rendering) in verschiedenen Browsern, Betriebssystemen und mobilen Endger\u00e4ten k\u00f6nnen zu Fehlern f\u00fchren. Solche Fehler k\u00f6nnen teilweise Texte bzw. ganze Webseiten optisch verzerren. Dank des schnellen Content Delivery Networks (CDN) gibt es mit Google Fonts keine plattform\u00fcbergreifenden Probleme. Google Fonts unterst\u00fctzt alle g\u00e4ngigen Browser (Google Chrome, Mozilla Firefox, Apple Safari, Opera) und funktioniert zuverl\u00e4ssig auf den meisten modernen mobilen Betriebssystemen, einschlie\u00dflich Android 2.2+ und iOS 4.2+ (iPhone, iPad, iPod). Wir verwenden die Google Fonts also, damit wir unser gesamtes Online-Service so sch\u00f6n und einheitlich wie m\u00f6glich darstellen k\u00f6nnen.<\/span><\/p>\n<p>Welche Daten werden von Google gespeichert?<br><span style=\"font-family: Lato, sans-serif; font-size: 16px;\">Wenn Sie unsere Webseite besuchen, werden die Schriften \u00fcber einen Google-Server nachgeladen. Durch diesen externen Aufruf werden Daten an die Google-Server \u00fcbermittelt. So erkennt Google auch, dass Sie bzw. Ihre IP-Adresse unsere Webseite besuchen. Die Google Fonts API wurde entwickelt, um Verwendung, Speicherung und Erfassung von Endnutzerdaten auf das zu reduzieren, was f\u00fcr eine ordentliche Bereitstellung von Schriften n\u00f6tig ist. API steht \u00fcbrigens f\u00fcr \u201eApplication Programming Interface\u201c und dient unter anderem als Daten\u00fcbermittler im Softwarebereich.<br><\/span><span style=\"font-family: Lato, sans-serif; font-size: 16px;\">Google Fonts speichert CSS- und Schrift-Anfragen sicher bei Google und ist somit gesch\u00fctzt. Durch die gesammelten Nutzungszahlen kann Google feststellen, wie gut die einzelnen Schriften ankommen. Die Ergebnisse ver\u00f6ffentlicht Google auf internen Analyseseiten, wie beispielsweise Google Analytics. Zudem verwendet Google auch Daten des eigenen Web-Crawlers, um festzustellen, welche Webseiten Google-Schriften verwenden. Diese Daten werden in der BigQuery-Datenbank von Google Fonts ver\u00f6ffentlicht. Unternehmer und Entwickler n\u00fctzen das Google-Webservice BigQuery, um gro\u00dfe Datenmengen untersuchen und bewegen zu k\u00f6nnen.<br><\/span><span style=\"font-family: Lato, sans-serif; font-size: 16px;\">Zu bedenken gilt allerdings noch, dass durch jede Google Font Anfrage auch Informationen wie Spracheinstellungen, IP-Adresse, Version des Browsers, Bildschirmaufl\u00f6sung des Browsers und Name des Browsers automatisch an die Google-Server \u00fcbertragen werden. Ob diese Daten auch gespeichert werden, ist nicht klar feststellbar bzw. wird von Google nicht eindeutig kommuniziert.<\/span><\/p>\n<p>Wie lange und wo werden die Daten gespeichert?<br><span style=\"font-family: Lato, sans-serif; font-size: 16px;\">Anfragen f\u00fcr CSS-Assets speichert Google einen Tag lang auf seinen Servern, die haupts\u00e4chlich au\u00dferhalb der EU angesiedelt sind. Das erm\u00f6glicht uns, mithilfe eines Google-Stylesheets die Schriftarten zu nutzen. Ein Stylesheet ist eine Formatvorlage, \u00fcber die man einfach und schnell z.B. das Design bzw. die Schriftart einer Webseite \u00e4ndern kann.<br><\/span><span style=\"font-family: Lato, sans-serif; font-size: 16px;\">Die Font-Dateien werden bei Google ein Jahr gespeichert. Google verfolgt damit das Ziel, die Ladezeit von Webseiten grunds\u00e4tzlich zu verbessern. Wenn Millionen von Webseiten auf die gleichen Schriften verweisen, werden sie nach dem ersten Besuch zwischengespeichert und erscheinen sofort auf allen anderen sp\u00e4ter besuchten Webseiten wieder. Manchmal aktualisiert Google Schriftdateien, um die Dateigr\u00f6\u00dfe zu reduzieren, die Abdeckung von Sprache zu erh\u00f6hen und das Design zu verbessern.<\/span><\/p>\n<p>Wie kann ich meine Daten l\u00f6schen bzw. die Datenspeicherung verhindern?<br><span style=\"font-family: Lato, sans-serif; font-size: 16px;\">Jene Daten, die Google f\u00fcr einen Tag bzw. ein Jahr speichert k\u00f6nnen nicht einfach gel\u00f6scht werden. Die Daten werden beim Seitenaufruf automatisch an Google \u00fcbermittelt. Um diese Daten vorzeitig l\u00f6schen zu k\u00f6nnen, m\u00fcssen Sie den Google-Support auf https:\/\/support.google.com\/?hl=de&amp;tid=311172741 kontaktieren. Datenspeicherung verhindern Sie in diesem Fall nur, wenn Sie unsere Seite nicht besuchen.<br><\/span><span style=\"font-family: Lato, sans-serif; font-size: 16px;\">Anders als andere Web-Schriften erlaubt uns Google uneingeschr\u00e4nkten Zugriff auf alle Schriftarten. Wir k\u00f6nnen also unlimitiert auf ein Meer an Schriftarten zugreifen und so das Optimum f\u00fcr unsere Webseite rausholen. Mehr zu Google Fonts und weiteren Fragen finden Sie auf https:\/\/developers.google.com\/fonts\/faq?tid=311172741. Dort geht zwar Google auf datenschutzrelevante Angelegenheiten ein, doch wirklich detaillierte Informationen \u00fcber Datenspeicherung sind nicht enthalten. Es ist relativ schwierig, von Google wirklich pr\u00e4zise Informationen \u00fcber gespeicherten Daten zu bekommen.<\/span><\/p>\n<p>Welche Daten grunds\u00e4tzlich von Google erfasst werden und wof\u00fcr diese Daten verwendet werden, k\u00f6nnen Sie auch auf https:\/\/www.google.com\/intl\/de\/policies\/privacy\/ nachlesen.<\/p>\n<div>&nbsp;<\/div>\n<p><strong>9. Aktualit\u00e4t und \u00c4nderung dieser Datenschutzerkl\u00e4rung<\/strong><\/p>\n<p>Diese Datenschutzerkl\u00e4rung ist aktuell g\u00fcltig und hat den Stand Mai 2018.<br>Durch die Weiterentwicklung unserer Website und Angebote oder aufgrund ge\u00e4nderter gesetzlicher bzw.<br>beh\u00f6rdlicher Vorgaben kann es notwendig werden, diese Datenschutzerkl\u00e4rung zu \u00e4ndern.<\/p>\n<p>Rechtsanwalt und Notar Bernd Stumpp,<br>G\u00e4nsheidestra\u00dfe 35, 70184 Stuttgart (Deutschland), E-Mail: kanzlei(at)stumpp-stuttgart.de,<br>Telefon: 0711 248 959-20.<\/p>\t\t\t\t\t\t\t\t<\/div>\n\t\t\t\t<\/div>\n\t\t\t\t\t<\/div>\n\t\t<\/div>\n\t\t\t\t\t<\/div>\n\t\t<\/section>\n\t\t\t\t<\/div>\n\t\t","protected":false},"excerpt":{"rendered":"<p>Datenschutz 1. Kontaktdaten Verantwortlicher&nbsp; dieser Homepage istRechtsanwalt und Notar Bernd Stumpp,G\u00e4nsheidestra\u00dfe 3570184 Stuttgart (Deutschland),E-Mail: kanzlei(at)stumpp-stuttgart.de,Telefon: 0711 248 959-20 Datenschutzbeauftragter&nbsp;istMatthias R\u00fchleWiesentalstra\u00dfe 3471384 Weinstadtmatthias.ruehle@deeporangegmbh.de 2. Erhebung und Speicherung personenbezogener Daten sowie Art und Zweck ihrer Verwendunga) Beim Besuch der Website Als Rechtsanwalt<\/p>\n","protected":false},"author":3,"featured_media":0,"parent":0,"menu_order":0,"comment_status":"closed","ping_status":"closed","template":"","meta":{"footnotes":""},"class_list":["post-20","page","type-page","status-publish","hentry"],"yoast_head":"<!-- This site is optimized with the Yoast SEO plugin v27.5 - https:\/\/yoast.com\/product\/yoast-seo-wordpress\/ -->\n<title>Datenschutz -<\/title>\n<meta name=\"robots\" content=\"index, follow, max-snippet:-1, max-image-preview:large, max-video-preview:-1\" \/>\n<link rel=\"canonical\" href=\"https:\/\/stumpp-stuttgart.de\/index.php\/datenschutz\/\" \/>\n<meta property=\"og:locale\" content=\"de_DE\" \/>\n<meta property=\"og:type\" content=\"article\" \/>\n<meta property=\"og:title\" content=\"Datenschutz -\" \/>\n<meta property=\"og:description\" content=\"Datenschutz 1. Kontaktdaten Verantwortlicher&nbsp; dieser Homepage istRechtsanwalt und Notar Bernd Stumpp,G\u00e4nsheidestra\u00dfe 3570184 Stuttgart (Deutschland),E-Mail: kanzlei(at)stumpp-stuttgart.de,Telefon: 0711 248 959-20 Datenschutzbeauftragter&nbsp;istMatthias R\u00fchleWiesentalstra\u00dfe 3471384 Weinstadtmatthias.ruehle@deeporangegmbh.de 2. Erhebung und Speicherung personenbezogener Daten sowie Art und Zweck ihrer Verwendunga) Beim Besuch der Website Als Rechtsanwalt\" \/>\n<meta property=\"og:url\" content=\"https:\/\/stumpp-stuttgart.de\/index.php\/datenschutz\/\" \/>\n<meta property=\"article:modified_time\" content=\"2020-09-17T16:25:08+00:00\" \/>\n<meta name=\"twitter:card\" content=\"summary_large_image\" \/>\n<meta name=\"twitter:label1\" content=\"Gesch\u00e4tzte Lesezeit\" \/>\n\t<meta name=\"twitter:data1\" content=\"11\u00a0Minuten\" \/>\n<script type=\"application\/ld+json\" class=\"yoast-schema-graph\">{\"@context\":\"https:\\\/\\\/schema.org\",\"@graph\":[{\"@type\":\"WebPage\",\"@id\":\"https:\\\/\\\/stumpp-stuttgart.de\\\/index.php\\\/datenschutz\\\/\",\"url\":\"https:\\\/\\\/stumpp-stuttgart.de\\\/index.php\\\/datenschutz\\\/\",\"name\":\"Datenschutz -\",\"isPartOf\":{\"@id\":\"https:\\\/\\\/stumpp-stuttgart.de\\\/#website\"},\"datePublished\":\"2020-03-06T18:34:56+00:00\",\"dateModified\":\"2020-09-17T16:25:08+00:00\",\"breadcrumb\":{\"@id\":\"https:\\\/\\\/stumpp-stuttgart.de\\\/index.php\\\/datenschutz\\\/#breadcrumb\"},\"inLanguage\":\"de\",\"potentialAction\":[{\"@type\":\"ReadAction\",\"target\":[\"https:\\\/\\\/stumpp-stuttgart.de\\\/index.php\\\/datenschutz\\\/\"]}]},{\"@type\":\"BreadcrumbList\",\"@id\":\"https:\\\/\\\/stumpp-stuttgart.de\\\/index.php\\\/datenschutz\\\/#breadcrumb\",\"itemListElement\":[{\"@type\":\"ListItem\",\"position\":1,\"name\":\"Startseite\",\"item\":\"https:\\\/\\\/stumpp-stuttgart.de\\\/\"},{\"@type\":\"ListItem\",\"position\":2,\"name\":\"Datenschutz\"}]},{\"@type\":\"WebSite\",\"@id\":\"https:\\\/\\\/stumpp-stuttgart.de\\\/#website\",\"url\":\"https:\\\/\\\/stumpp-stuttgart.de\\\/\",\"name\":\"\",\"description\":\"Stumpp-Stuttgart   Anwalts- und Notarkanzlei\",\"potentialAction\":[{\"@type\":\"SearchAction\",\"target\":{\"@type\":\"EntryPoint\",\"urlTemplate\":\"https:\\\/\\\/stumpp-stuttgart.de\\\/?s={search_term_string}\"},\"query-input\":{\"@type\":\"PropertyValueSpecification\",\"valueRequired\":true,\"valueName\":\"search_term_string\"}}],\"inLanguage\":\"de\"}]}<\/script>\n<!-- \/ Yoast SEO plugin. -->","yoast_head_json":{"title":"Datenschutz -","robots":{"index":"index","follow":"follow","max-snippet":"max-snippet:-1","max-image-preview":"max-image-preview:large","max-video-preview":"max-video-preview:-1"},"canonical":"https:\/\/stumpp-stuttgart.de\/index.php\/datenschutz\/","og_locale":"de_DE","og_type":"article","og_title":"Datenschutz -","og_description":"Datenschutz 1. Kontaktdaten Verantwortlicher&nbsp; dieser Homepage istRechtsanwalt und Notar Bernd Stumpp,G\u00e4nsheidestra\u00dfe 3570184 Stuttgart (Deutschland),E-Mail: kanzlei(at)stumpp-stuttgart.de,Telefon: 0711 248 959-20 Datenschutzbeauftragter&nbsp;istMatthias R\u00fchleWiesentalstra\u00dfe 3471384 Weinstadtmatthias.ruehle@deeporangegmbh.de 2. Erhebung und Speicherung personenbezogener Daten sowie Art und Zweck ihrer Verwendunga) Beim Besuch der Website Als Rechtsanwalt","og_url":"https:\/\/stumpp-stuttgart.de\/index.php\/datenschutz\/","article_modified_time":"2020-09-17T16:25:08+00:00","twitter_card":"summary_large_image","twitter_misc":{"Gesch\u00e4tzte Lesezeit":"11\u00a0Minuten"},"schema":{"@context":"https:\/\/schema.org","@graph":[{"@type":"WebPage","@id":"https:\/\/stumpp-stuttgart.de\/index.php\/datenschutz\/","url":"https:\/\/stumpp-stuttgart.de\/index.php\/datenschutz\/","name":"Datenschutz -","isPartOf":{"@id":"https:\/\/stumpp-stuttgart.de\/#website"},"datePublished":"2020-03-06T18:34:56+00:00","dateModified":"2020-09-17T16:25:08+00:00","breadcrumb":{"@id":"https:\/\/stumpp-stuttgart.de\/index.php\/datenschutz\/#breadcrumb"},"inLanguage":"de","potentialAction":[{"@type":"ReadAction","target":["https:\/\/stumpp-stuttgart.de\/index.php\/datenschutz\/"]}]},{"@type":"BreadcrumbList","@id":"https:\/\/stumpp-stuttgart.de\/index.php\/datenschutz\/#breadcrumb","itemListElement":[{"@type":"ListItem","position":1,"name":"Startseite","item":"https:\/\/stumpp-stuttgart.de\/"},{"@type":"ListItem","position":2,"name":"Datenschutz"}]},{"@type":"WebSite","@id":"https:\/\/stumpp-stuttgart.de\/#website","url":"https:\/\/stumpp-stuttgart.de\/","name":"","description":"Stumpp-Stuttgart   Anwalts- und Notarkanzlei","potentialAction":[{"@type":"SearchAction","target":{"@type":"EntryPoint","urlTemplate":"https:\/\/stumpp-stuttgart.de\/?s={search_term_string}"},"query-input":{"@type":"PropertyValueSpecification","valueRequired":true,"valueName":"search_term_string"}}],"inLanguage":"de"}]}},"_links":{"self":[{"href":"https:\/\/stumpp-stuttgart.de\/index.php\/wp-json\/wp\/v2\/pages\/20","targetHints":{"allow":["GET"]}}],"collection":[{"href":"https:\/\/stumpp-stuttgart.de\/index.php\/wp-json\/wp\/v2\/pages"}],"about":[{"href":"https:\/\/stumpp-stuttgart.de\/index.php\/wp-json\/wp\/v2\/types\/page"}],"author":[{"embeddable":true,"href":"https:\/\/stumpp-stuttgart.de\/index.php\/wp-json\/wp\/v2\/users\/3"}],"replies":[{"embeddable":true,"href":"https:\/\/stumpp-stuttgart.de\/index.php\/wp-json\/wp\/v2\/comments?post=20"}],"version-history":[{"count":0,"href":"https:\/\/stumpp-stuttgart.de\/index.php\/wp-json\/wp\/v2\/pages\/20\/revisions"}],"wp:attachment":[{"href":"https:\/\/stumpp-stuttgart.de\/index.php\/wp-json\/wp\/v2\/media?parent=20"}],"curies":[{"name":"wp","href":"https:\/\/api.w.org\/{rel}","templated":true}]}}