{"id":18,"date":"2020-03-06T19:34:24","date_gmt":"2020-03-06T18:34:24","guid":{"rendered":"http:\/\/stumpp-stuttgart.de\/?page_id=18"},"modified":"2020-09-17T18:23:48","modified_gmt":"2020-09-17T16:23:48","slug":"impressum","status":"publish","type":"page","link":"https:\/\/stumpp-stuttgart.de\/index.php\/impressum\/","title":{"rendered":"Impressum"},"content":{"rendered":"\t\t<div data-elementor-type=\"wp-page\" data-elementor-id=\"18\" class=\"elementor elementor-18\">\n\t\t\t\t\t\t<section class=\"elementor-section elementor-top-section elementor-element elementor-element-1e293fce elementor-section-boxed elementor-section-height-default elementor-section-height-default\" data-id=\"1e293fce\" data-element_type=\"section\" data-e-type=\"section\">\n\t\t\t\t\t\t<div class=\"elementor-container elementor-column-gap-default\">\n\t\t\t\t\t<div class=\"elementor-column elementor-col-100 elementor-top-column elementor-element elementor-element-7f259f95\" data-id=\"7f259f95\" data-element_type=\"column\" data-e-type=\"column\">\n\t\t\t<div class=\"elementor-widget-wrap elementor-element-populated\">\n\t\t\t\t\t\t<div class=\"elementor-element elementor-element-c531f74 elementor-widget elementor-widget-text-editor\" data-id=\"c531f74\" data-element_type=\"widget\" data-e-type=\"widget\" data-widget_type=\"text-editor.default\">\n\t\t\t\t<div class=\"elementor-widget-container\">\n\t\t\t\t\t\t\t\t\t<p><\/p>\n<h3><strong>Rechtsform<\/strong><\/h3>\n<p>Die Anwalts- und Notarkanzlei Stumpp-Stuttgart wird in der Rechtsform eines Einzelunternehmens von Rechtsanwalt und Notar Bernd Stumpp betrieben.<\/p>\n<h3><strong>Kanzleisitz und Anschrift<\/strong><\/h3>\n<p>G\u00e4nsheidestra\u00dfe 35<br \/>70184 Stuttgart<br \/>Telefon 0711\u00a0 248 959 20<br \/>Telefax 0711\u00a0 248 959 39<br \/><a href=\"mailto:kanzlei@stumpp-stuttgart.de\">kanzlei@stumpp-stuttgart.de<\/a><\/p>\n<p>Umsatzsteuer-Identifikationsnummer DE192513777<\/p>\n<h3><strong>Zulassung<\/strong><\/h3>\n<p>Der Kanzleiinhaber Bernd Stumpp ist in der Bundesrepublik Deutschland als Rechtsanwalt zugelassen und Mitglied der Rechtsanwaltskammer Stuttgart (K\u00f6nigstra\u00dfe 14, 70173 Stuttgart).<\/p>\n<p>Er ist zus\u00e4tzlich als Anwaltsnotar mit Sitz in Stuttgart zugelassen und Mitglied der Notarkammer Stuttgart (K\u00f6nigstra\u00dfe 21, 70173 Stuttgart).<\/p>\n<h3><strong>Berufsrechtliche Regelungen<\/strong><\/h3>\n<p>f\u00fcr den anwaltlichen Bereich insbesondere BRAO, BORA, FAO und RVG,<br \/>f\u00fcr den notariellen Bereich insbesondere BeurkG, BNotO, DOnot und KostO,<br \/>finden Sie auf den Homepages der jeweiligen Kammer unter der Rubrik &#8222;Berufsrecht&#8220;,<br \/>Bundesrechtsanwaltskammer: <a href=\"http:\/\/www.brak.de\/\" target=\"_blank\" rel=\"noreferrer noopener\">www.brak.de<\/a> sowie <br \/>Bundesnotarkammer: <a href=\"http:\/\/www.bnotk.de\/\" target=\"_blank\" rel=\"noreferrer noopener\">www.bnotk.de<\/a>.<\/p>\n<h3><strong>Berufshaftpflichtversicherung<\/strong><\/h3>\n<p>Allianz Versicherungs-AG, 10900 Berlin<br \/>R\u00e4umlicher Geltungsbereich: Europa<\/p>\n<p>\u00a0<\/p>\n<p>Gestaltung und Webadministration: Dorothee Kr\u00e4mer, \u00a0<a href=\"http:\/\/www.kraemerteam.de\">Kraemerteam.de, <br \/><\/a>Serveradministration: Hermann Hacker, <a href=\"http:\/\/hacker-media.de\">hacker-media.de<\/a><br \/>Fotografie: Sven Falk, <a href=\"http:\/\/www.svenfalk.com\">svenfalk.com<\/a><br \/>Fotos auch von Dorothee Kr\u00e4mer; unsplash: Industriegeb\u00e4ude, F\u00fcller; istockphoto: Paragraphenzeichen; Fotolia: Pl\u00e4ne 13920588, Menschenmenge 35826398,<\/p>\n<p><\/p>\t\t\t\t\t\t\t\t<\/div>\n\t\t\t\t<\/div>\n\t\t\t\t\t<\/div>\n\t\t<\/div>\n\t\t\t\t\t<\/div>\n\t\t<\/section>\n\t\t\t\t<\/div>\n\t\t","protected":false},"excerpt":{"rendered":"<p>Rechtsform Die Anwalts- und Notarkanzlei Stumpp-Stuttgart wird in der Rechtsform eines Einzelunternehmens von Rechtsanwalt und Notar Bernd Stumpp betrieben. Kanzleisitz und Anschrift G\u00e4nsheidestra\u00dfe 3570184 StuttgartTelefon 0711\u00a0 248 959 20Telefax 0711\u00a0 248 959 39kanzlei@stumpp-stuttgart.de Umsatzsteuer-Identifikationsnummer DE192513777 Zulassung Der Kanzleiinhaber Bernd Stumpp<\/p>\n","protected":false},"author":3,"featured_media":0,"parent":0,"menu_order":0,"comment_status":"closed","ping_status":"closed","template":"","meta":{"footnotes":""},"class_list":["post-18","page","type-page","status-publish","hentry"],"yoast_head":"<!-- This site is optimized with the Yoast SEO plugin v27.5 - https:\/\/yoast.com\/product\/yoast-seo-wordpress\/ -->\n<title>Impressum -<\/title>\n<meta name=\"robots\" content=\"index, follow, max-snippet:-1, max-image-preview:large, max-video-preview:-1\" \/>\n<link rel=\"canonical\" href=\"https:\/\/stumpp-stuttgart.de\/index.php\/impressum\/\" \/>\n<meta property=\"og:locale\" content=\"de_DE\" \/>\n<meta property=\"og:type\" content=\"article\" \/>\n<meta property=\"og:title\" content=\"Impressum -\" \/>\n<meta property=\"og:description\" content=\"Rechtsform Die Anwalts- und Notarkanzlei Stumpp-Stuttgart wird in der Rechtsform eines Einzelunternehmens von Rechtsanwalt und Notar Bernd Stumpp betrieben. Kanzleisitz und Anschrift G\u00e4nsheidestra\u00dfe 3570184 StuttgartTelefon 0711\u00a0 248 959 20Telefax 0711\u00a0 248 959 39kanzlei@stumpp-stuttgart.de Umsatzsteuer-Identifikationsnummer DE192513777 Zulassung Der Kanzleiinhaber Bernd Stumpp\" \/>\n<meta property=\"og:url\" content=\"https:\/\/stumpp-stuttgart.de\/index.php\/impressum\/\" \/>\n<meta property=\"article:modified_time\" content=\"2020-09-17T16:23:48+00:00\" \/>\n<meta name=\"twitter:card\" content=\"summary_large_image\" \/>\n<meta name=\"twitter:label1\" content=\"Gesch\u00e4tzte Lesezeit\" \/>\n\t<meta name=\"twitter:data1\" content=\"1\u00a0Minute\" \/>\n<script type=\"application\/ld+json\" class=\"yoast-schema-graph\">{\"@context\":\"https:\\\/\\\/schema.org\",\"@graph\":[{\"@type\":\"WebPage\",\"@id\":\"https:\\\/\\\/stumpp-stuttgart.de\\\/index.php\\\/impressum\\\/\",\"url\":\"https:\\\/\\\/stumpp-stuttgart.de\\\/index.php\\\/impressum\\\/\",\"name\":\"Impressum -\",\"isPartOf\":{\"@id\":\"https:\\\/\\\/stumpp-stuttgart.de\\\/#website\"},\"datePublished\":\"2020-03-06T18:34:24+00:00\",\"dateModified\":\"2020-09-17T16:23:48+00:00\",\"breadcrumb\":{\"@id\":\"https:\\\/\\\/stumpp-stuttgart.de\\\/index.php\\\/impressum\\\/#breadcrumb\"},\"inLanguage\":\"de\",\"potentialAction\":[{\"@type\":\"ReadAction\",\"target\":[\"https:\\\/\\\/stumpp-stuttgart.de\\\/index.php\\\/impressum\\\/\"]}]},{\"@type\":\"BreadcrumbList\",\"@id\":\"https:\\\/\\\/stumpp-stuttgart.de\\\/index.php\\\/impressum\\\/#breadcrumb\",\"itemListElement\":[{\"@type\":\"ListItem\",\"position\":1,\"name\":\"Startseite\",\"item\":\"https:\\\/\\\/stumpp-stuttgart.de\\\/\"},{\"@type\":\"ListItem\",\"position\":2,\"name\":\"Impressum\"}]},{\"@type\":\"WebSite\",\"@id\":\"https:\\\/\\\/stumpp-stuttgart.de\\\/#website\",\"url\":\"https:\\\/\\\/stumpp-stuttgart.de\\\/\",\"name\":\"\",\"description\":\"Stumpp-Stuttgart   Anwalts- und Notarkanzlei\",\"potentialAction\":[{\"@type\":\"SearchAction\",\"target\":{\"@type\":\"EntryPoint\",\"urlTemplate\":\"https:\\\/\\\/stumpp-stuttgart.de\\\/?s={search_term_string}\"},\"query-input\":{\"@type\":\"PropertyValueSpecification\",\"valueRequired\":true,\"valueName\":\"search_term_string\"}}],\"inLanguage\":\"de\"}]}<\/script>\n<!-- \/ Yoast SEO plugin. -->","yoast_head_json":{"title":"Impressum -","robots":{"index":"index","follow":"follow","max-snippet":"max-snippet:-1","max-image-preview":"max-image-preview:large","max-video-preview":"max-video-preview:-1"},"canonical":"https:\/\/stumpp-stuttgart.de\/index.php\/impressum\/","og_locale":"de_DE","og_type":"article","og_title":"Impressum -","og_description":"Rechtsform Die Anwalts- und Notarkanzlei Stumpp-Stuttgart wird in der Rechtsform eines Einzelunternehmens von Rechtsanwalt und Notar Bernd Stumpp betrieben. Kanzleisitz und Anschrift G\u00e4nsheidestra\u00dfe 3570184 StuttgartTelefon 0711\u00a0 248 959 20Telefax 0711\u00a0 248 959 39kanzlei@stumpp-stuttgart.de Umsatzsteuer-Identifikationsnummer DE192513777 Zulassung Der Kanzleiinhaber Bernd Stumpp","og_url":"https:\/\/stumpp-stuttgart.de\/index.php\/impressum\/","article_modified_time":"2020-09-17T16:23:48+00:00","twitter_card":"summary_large_image","twitter_misc":{"Gesch\u00e4tzte Lesezeit":"1\u00a0Minute"},"schema":{"@context":"https:\/\/schema.org","@graph":[{"@type":"WebPage","@id":"https:\/\/stumpp-stuttgart.de\/index.php\/impressum\/","url":"https:\/\/stumpp-stuttgart.de\/index.php\/impressum\/","name":"Impressum -","isPartOf":{"@id":"https:\/\/stumpp-stuttgart.de\/#website"},"datePublished":"2020-03-06T18:34:24+00:00","dateModified":"2020-09-17T16:23:48+00:00","breadcrumb":{"@id":"https:\/\/stumpp-stuttgart.de\/index.php\/impressum\/#breadcrumb"},"inLanguage":"de","potentialAction":[{"@type":"ReadAction","target":["https:\/\/stumpp-stuttgart.de\/index.php\/impressum\/"]}]},{"@type":"BreadcrumbList","@id":"https:\/\/stumpp-stuttgart.de\/index.php\/impressum\/#breadcrumb","itemListElement":[{"@type":"ListItem","position":1,"name":"Startseite","item":"https:\/\/stumpp-stuttgart.de\/"},{"@type":"ListItem","position":2,"name":"Impressum"}]},{"@type":"WebSite","@id":"https:\/\/stumpp-stuttgart.de\/#website","url":"https:\/\/stumpp-stuttgart.de\/","name":"","description":"Stumpp-Stuttgart   Anwalts- und Notarkanzlei","potentialAction":[{"@type":"SearchAction","target":{"@type":"EntryPoint","urlTemplate":"https:\/\/stumpp-stuttgart.de\/?s={search_term_string}"},"query-input":{"@type":"PropertyValueSpecification","valueRequired":true,"valueName":"search_term_string"}}],"inLanguage":"de"}]}},"_links":{"self":[{"href":"https:\/\/stumpp-stuttgart.de\/index.php\/wp-json\/wp\/v2\/pages\/18","targetHints":{"allow":["GET"]}}],"collection":[{"href":"https:\/\/stumpp-stuttgart.de\/index.php\/wp-json\/wp\/v2\/pages"}],"about":[{"href":"https:\/\/stumpp-stuttgart.de\/index.php\/wp-json\/wp\/v2\/types\/page"}],"author":[{"embeddable":true,"href":"https:\/\/stumpp-stuttgart.de\/index.php\/wp-json\/wp\/v2\/users\/3"}],"replies":[{"embeddable":true,"href":"https:\/\/stumpp-stuttgart.de\/index.php\/wp-json\/wp\/v2\/comments?post=18"}],"version-history":[{"count":0,"href":"https:\/\/stumpp-stuttgart.de\/index.php\/wp-json\/wp\/v2\/pages\/18\/revisions"}],"wp:attachment":[{"href":"https:\/\/stumpp-stuttgart.de\/index.php\/wp-json\/wp\/v2\/media?parent=18"}],"curies":[{"name":"wp","href":"https:\/\/api.w.org\/{rel}","templated":true}]}}