{"id":1033,"date":"2023-05-30T09:16:54","date_gmt":"2023-05-30T07:16:54","guid":{"rendered":"https:\/\/stumpp-stuttgart.de\/?page_id=1033"},"modified":"2024-08-27T07:18:34","modified_gmt":"2024-08-27T05:18:34","slug":"karriere","status":"publish","type":"page","link":"https:\/\/stumpp-stuttgart.de\/index.php\/karriere\/","title":{"rendered":"Karriere"},"content":{"rendered":"\t\t<div data-elementor-type=\"wp-page\" data-elementor-id=\"1033\" class=\"elementor elementor-1033\">\n\t\t\t\t\t\t<section class=\"elementor-section elementor-top-section elementor-element elementor-element-d0f9d00 elementor-section-boxed elementor-section-height-default elementor-section-height-default\" data-id=\"d0f9d00\" data-element_type=\"section\" data-e-type=\"section\">\n\t\t\t\t\t\t<div class=\"elementor-container elementor-column-gap-default\">\n\t\t\t\t\t<div class=\"elementor-column elementor-col-100 elementor-top-column elementor-element elementor-element-331180f\" data-id=\"331180f\" data-element_type=\"column\" data-e-type=\"column\">\n\t\t\t<div class=\"elementor-widget-wrap elementor-element-populated\">\n\t\t\t\t\t\t<div class=\"elementor-element elementor-element-233ae5c elementor-widget elementor-widget-image\" data-id=\"233ae5c\" data-element_type=\"widget\" data-e-type=\"widget\" data-widget_type=\"image.default\">\n\t\t\t\t<div class=\"elementor-widget-container\">\n\t\t\t\t\t\t\t\t\t\t\t\t\t\t\t<img fetchpriority=\"high\" decoding=\"async\" width=\"1400\" height=\"300\" src=\"https:\/\/stumpp-stuttgart.de\/wp-content\/uploads\/2020\/04\/schmalNeu2.jpg\" class=\"attachment-full size-full wp-image-723\" alt=\"\" srcset=\"https:\/\/stumpp-stuttgart.de\/wp-content\/uploads\/2020\/04\/schmalNeu2.jpg 1400w, https:\/\/stumpp-stuttgart.de\/wp-content\/uploads\/2020\/04\/schmalNeu2-300x64.jpg 300w, https:\/\/stumpp-stuttgart.de\/wp-content\/uploads\/2020\/04\/schmalNeu2-1024x219.jpg 1024w, https:\/\/stumpp-stuttgart.de\/wp-content\/uploads\/2020\/04\/schmalNeu2-768x165.jpg 768w\" sizes=\"(max-width: 1400px) 100vw, 1400px\" \/>\t\t\t\t\t\t\t\t\t\t\t\t\t\t\t<\/div>\n\t\t\t\t<\/div>\n\t\t\t\t\t<\/div>\n\t\t<\/div>\n\t\t\t\t\t<\/div>\n\t\t<\/section>\n\t\t\t\t<section class=\"elementor-section elementor-top-section elementor-element elementor-element-bf6ff88 elementor-section-boxed elementor-section-height-default elementor-section-height-default\" data-id=\"bf6ff88\" data-element_type=\"section\" data-e-type=\"section\">\n\t\t\t\t\t\t<div class=\"elementor-container elementor-column-gap-default\">\n\t\t\t\t\t<div class=\"elementor-column elementor-col-100 elementor-top-column elementor-element elementor-element-52072c8\" data-id=\"52072c8\" data-element_type=\"column\" data-e-type=\"column\">\n\t\t\t<div class=\"elementor-widget-wrap elementor-element-populated\">\n\t\t\t\t\t\t<div class=\"elementor-element elementor-element-5c237c5 elementor-widget elementor-widget-text-editor\" data-id=\"5c237c5\" data-element_type=\"widget\" data-e-type=\"widget\" data-widget_type=\"text-editor.default\">\n\t\t\t\t<div class=\"elementor-widget-container\">\n\t\t\t\t\t\t\t\t\t<p>Wir, die Kanzlei Stumpp &#8211; Stuttgart sind eine langj\u00e4hrig in Stuttgart ans\u00e4ssige Anwalts- und Notarkanzlei.<\/p><p>Zur Verst\u00e4rkung unseres Mitarbeiterteams suchen wir ab sofort eine\/n<\/p>\t\t\t\t\t\t\t\t<\/div>\n\t\t\t\t<\/div>\n\t\t\t\t\t<\/div>\n\t\t<\/div>\n\t\t\t\t\t<\/div>\n\t\t<\/section>\n\t\t\t\t<section class=\"elementor-section elementor-top-section elementor-element elementor-element-ad81a14 elementor-section-boxed elementor-section-height-default elementor-section-height-default\" data-id=\"ad81a14\" data-element_type=\"section\" data-e-type=\"section\">\n\t\t\t\t\t\t<div class=\"elementor-container elementor-column-gap-default\">\n\t\t\t\t\t<div class=\"elementor-column elementor-col-100 elementor-top-column elementor-element elementor-element-b264149\" data-id=\"b264149\" data-element_type=\"column\" data-e-type=\"column\">\n\t\t\t<div class=\"elementor-widget-wrap elementor-element-populated\">\n\t\t\t\t\t\t<div class=\"elementor-element elementor-element-044056e elementor-widget elementor-widget-text-editor\" data-id=\"044056e\" data-element_type=\"widget\" data-e-type=\"widget\" data-widget_type=\"text-editor.default\">\n\t\t\t\t<div class=\"elementor-widget-container\">\n\t\t\t\t\t\t\t\t\t<h3>Rechtsanwaltsfachangestellte\/n oder\u00a0<\/h3><h3>Kauffrau\/mann f\u00fcr B\u00fcrokommunikation (m\/w\/d)<\/h3>\t\t\t\t\t\t\t\t<\/div>\n\t\t\t\t<\/div>\n\t\t\t\t\t<\/div>\n\t\t<\/div>\n\t\t\t\t\t<\/div>\n\t\t<\/section>\n\t\t\t\t<section class=\"elementor-section elementor-top-section elementor-element elementor-element-9967007 elementor-section-boxed elementor-section-height-default elementor-section-height-default\" data-id=\"9967007\" data-element_type=\"section\" data-e-type=\"section\">\n\t\t\t\t\t\t<div class=\"elementor-container elementor-column-gap-default\">\n\t\t\t\t\t<div class=\"elementor-column elementor-col-100 elementor-top-column elementor-element elementor-element-2eefd10\" data-id=\"2eefd10\" data-element_type=\"column\" data-e-type=\"column\">\n\t\t\t<div class=\"elementor-widget-wrap elementor-element-populated\">\n\t\t\t\t\t\t<div class=\"elementor-element elementor-element-d44cd65 elementor-widget__width-initial elementor-widget elementor-widget-text-editor\" data-id=\"d44cd65\" data-element_type=\"widget\" data-e-type=\"widget\" data-widget_type=\"text-editor.default\">\n\t\t\t\t<div class=\"elementor-widget-container\">\n\t\t\t\t\t\t\t\t\t<p style=\"font-weight: 400;\">in Vollzeit, gerne auch eine\/n Berufsanf\u00e4nger\/in.<\/p><p><b>Ihre Aufgaben:<\/b><\/p><ul><li>Die Bearbeitung des Post- und des E-Mail-Eingangs,<\/li><li>die Betreuung der Telefonzentrale sowie<\/li><li>das Schreiben nach Banddiktat.<\/li><\/ul><p><b>Ihr Profil:<\/b><\/p><ul><li>Eine abgeschlossene Berufsausbildung als Rechtsanwaltsfachangestellte\/n oder als Kauffrau\/mann f\u00fcr B\u00fcrokommunikation,<\/li><li>sehr gute Rechtschreibkenntnisse,<\/li><li>sorgf\u00e4ltiges, eigenst\u00e4ndiges und strukturiertes Arbeiten,<\/li><li>flexibel, teamf\u00e4hig, zuverl\u00e4ssig und belastbar.<\/li><\/ul><p><b>Ihre Perspektive:<\/b><\/p><ul><li>Ein Arbeitsplatz in exklusiver Halbh\u00f6henlage in Stuttgart,<\/li><li>ein unbefristeter Arbeitsvertrag mit guter Verkehrsanbindung und Parkm\u00f6glichkeiten,<\/li><li>ein professionelles Arbeitsumfeld sowie<\/li><li>ein angenehmes Betriebsklima.<\/li><\/ul><p style=\"font-weight: 400;\">Wir freuen uns auf Ihre Bewerbung. Diese senden Sie bitte unter Angabe Ihres m\u00f6glichen Eintrittstermins und Ihrer Gehaltsvorstellungen an:<\/p><p style=\"font-weight: 400;\"><strong>Anwalts- und Notarkanzlei<\/strong><br \/><strong>Stumpp-Stuttgart <\/strong><\/p><p style=\"font-weight: 400;\">Ansprechpartnerin Frau Palmieri<\/p><p style=\"font-weight: 400;\"><span style=\"color: var( --e-global-color-text ); font-family: Lato, sans-serif; font-size: 16px;\">G\u00e4nsheidestra\u00dfe 35 <br \/>70184 Stuttgart<br \/><\/span><span style=\"color: var( --e-global-color-text ); font-family: Lato, sans-serif; font-size: 16px;\">Tel. 0711 \/ 248 959 28<\/span><\/p><p><span style=\"font-weight: 400;\">oder per E-Mail: <a href=\"mailto:kanzlei@stumpp-stuttgart.de\">kanzlei@stumpp-stuttgart.de<\/a><\/span><\/p>\t\t\t\t\t\t\t\t<\/div>\n\t\t\t\t<\/div>\n\t\t\t\t\t<\/div>\n\t\t<\/div>\n\t\t\t\t\t<\/div>\n\t\t<\/section>\n\t\t\t\t<section class=\"elementor-section elementor-top-section elementor-element elementor-element-9b6d888 elementor-section-boxed elementor-section-height-default elementor-section-height-default\" data-id=\"9b6d888\" data-element_type=\"section\" data-e-type=\"section\">\n\t\t\t\t\t\t<div class=\"elementor-container elementor-column-gap-default\">\n\t\t\t\t\t<div class=\"elementor-column elementor-col-100 elementor-top-column elementor-element elementor-element-e7b47cd\" data-id=\"e7b47cd\" data-element_type=\"column\" data-e-type=\"column\">\n\t\t\t<div class=\"elementor-widget-wrap elementor-element-populated\">\n\t\t\t\t\t\t<div class=\"elementor-element elementor-element-f30872c elementor-widget-divider--view-line elementor-widget elementor-widget-divider\" data-id=\"f30872c\" data-element_type=\"widget\" data-e-type=\"widget\" data-widget_type=\"divider.default\">\n\t\t\t\t<div class=\"elementor-widget-container\">\n\t\t\t\t\t\t\t<div class=\"elementor-divider\">\n\t\t\t<span class=\"elementor-divider-separator\">\n\t\t\t\t\t\t<\/span>\n\t\t<\/div>\n\t\t\t\t\t\t<\/div>\n\t\t\t\t<\/div>\n\t\t\t\t\t<\/div>\n\t\t<\/div>\n\t\t\t\t\t<\/div>\n\t\t<\/section>\n\t\t\t\t<section class=\"elementor-section elementor-top-section elementor-element elementor-element-1a448aa elementor-section-boxed elementor-section-height-default elementor-section-height-default\" data-id=\"1a448aa\" data-element_type=\"section\" data-e-type=\"section\">\n\t\t\t\t\t\t<div class=\"elementor-container elementor-column-gap-default\">\n\t\t\t\t\t<div class=\"elementor-column elementor-col-100 elementor-top-column elementor-element elementor-element-70fa0f6\" data-id=\"70fa0f6\" data-element_type=\"column\" data-e-type=\"column\">\n\t\t\t<div class=\"elementor-widget-wrap elementor-element-populated\">\n\t\t\t\t\t\t<div class=\"elementor-element elementor-element-3ebebdd elementor-widget__width-initial elementor-widget elementor-widget-text-editor\" data-id=\"3ebebdd\" data-element_type=\"widget\" data-e-type=\"widget\" data-widget_type=\"text-editor.default\">\n\t\t\t\t<div class=\"elementor-widget-container\">\n\t\t\t\t\t\t\t\t\t<h3>Notarfachangestellte\/n (m\/w\/d)<\/h3><h3>Notarfachwirt\/in (m\/w\/d)<\/h3><h3>Notarassessor\/in (m\/w\/d)<\/h3><p>mit Berufserfahrung in unbefristeter Teil- oder Vollzeitanstellung.<\/p><p><strong>Auf Sie warten vielf\u00e4ltige Aufgaben:<\/strong><\/p><ul><li>Vorbereitung und selbstst\u00e4ndige Abwicklung von Urkundengesch\u00e4ften<\/li><li>Einreichungen zu elektronischen Registern unter Verwendung von XNotar \/ SigNotar und EGVP<\/li><li>Qualifizierter Ansprechpartner fu\u0308r Mandanten, Gerichte und Beh\u00f6rden<\/li><li>Erstellung von Kostenberechnungen fu\u0308r notarielle Leistungen nach dem GNotKG<\/li><li>Abwicklung von sonstigen notariellen Vorg\u00e4ngen<\/li><\/ul><p><strong>Sie bringen gute Voraussetzungen mit:<\/strong><\/p><ul><li>Eine erfolgreich abgeschlossene Ausbildung zur Notarfachangestellten, Notarfachwirtin oder Notarassessorin (w\/m\/d)<\/li><li>Verschwiegenheit und Loyalit\u00e4t<\/li><li>Einige Jahre Berufserfahrung in einem Notariat<\/li><li>Sehr gute organisatorische F\u00e4higkeiten<\/li><li>Selbstst\u00e4ndiges und strukturiertes Arbeiten<\/li><\/ul><p><strong><span style=\"font-family: Lato, sans-serif; font-size: 16px; color: var( --e-global-color-text );\">Das erwartet Sie:<\/span><\/strong><\/p><ul><li>Ein unbefristeter Arbeitsvertrag<\/li><li>Die \u00dcbernahme von Verantwortung in einem kleinen, engagierten Team<\/li><li>Eine angenehme und professionelle Arbeitsatmosph\u00e4re<\/li><li>Ein moderner Arbeitsplatz in Halbh\u00f6henlage in Stuttgart mit guter Verkehrsverbindung und<\/li><li>Parkm\u00f6glichkeiten<\/li><\/ul><p>Wenn Sie uns unterstu\u0308tzen m\u00f6chten, freuen wir uns auf Ihre aussagekr\u00e4ftige Bewerbung. Diese senden Sie bitte unter Angabe Ihres m\u00f6glichen Eintrittstermins und Ihrer Gehaltsvorstellung entweder a<span style=\"font-size: 16px; font-style: normal; font-variant-caps: normal; color: var( --e-global-color-text ); font-family: Lato, sans-serif;\">n\u00a0<\/span><a style=\"font-size: 16px; font-style: normal; font-variant-caps: normal; font-family: Lato, sans-serif;\" href=\"mailto:kanzlei@stumpp-stuttgart.de\">kanzlei@stumpp-stuttgart.de<\/a><\/p><p>oder an<\/p><p style=\"font-weight: 400;\"><strong>Anwalts- und Notarkanzlei<\/strong><br \/><strong>Stumpp-Stuttgart <\/strong><\/p><p style=\"font-weight: 400;\">Ansprechpartnerin Frau Palmieri<\/p><p style=\"font-weight: 400;\"><span style=\"color: var( --e-global-color-text ); font-family: Lato, sans-serif; font-size: 16px;\">G\u00e4nsheidestra\u00dfe 35<br \/>70184 Stuttgart<br \/><\/span><span style=\"color: var( --e-global-color-text ); font-family: Lato, sans-serif; font-size: 16px;\">Tel. 0711 \/ 248 959 28<\/span><\/p><p style=\"font-weight: 400;\"><span style=\"color: var( --e-global-color-text ); font-family: Lato, sans-serif; font-size: 16px;\">Sollten Sie R\u00fcckfragen haben d\u00fcrfen Sie sich auch gerne telefonisch bei uns melden.\u00a0<\/span><\/p>\t\t\t\t\t\t\t\t<\/div>\n\t\t\t\t<\/div>\n\t\t\t\t\t<\/div>\n\t\t<\/div>\n\t\t\t\t\t<\/div>\n\t\t<\/section>\n\t\t\t\t<section class=\"elementor-section elementor-top-section elementor-element elementor-element-3d32a96 elementor-section-boxed elementor-section-height-default elementor-section-height-default\" data-id=\"3d32a96\" data-element_type=\"section\" data-e-type=\"section\">\n\t\t\t\t\t\t<div class=\"elementor-container elementor-column-gap-default\">\n\t\t\t\t\t<div class=\"elementor-column elementor-col-100 elementor-top-column elementor-element elementor-element-abc9d22\" data-id=\"abc9d22\" data-element_type=\"column\" data-e-type=\"column\">\n\t\t\t<div class=\"elementor-widget-wrap elementor-element-populated\">\n\t\t\t\t\t\t<div class=\"elementor-element elementor-element-a26f695 elementor-widget-divider--view-line elementor-widget elementor-widget-divider\" data-id=\"a26f695\" data-element_type=\"widget\" data-e-type=\"widget\" data-widget_type=\"divider.default\">\n\t\t\t\t<div class=\"elementor-widget-container\">\n\t\t\t\t\t\t\t<div class=\"elementor-divider\">\n\t\t\t<span class=\"elementor-divider-separator\">\n\t\t\t\t\t\t<\/span>\n\t\t<\/div>\n\t\t\t\t\t\t<\/div>\n\t\t\t\t<\/div>\n\t\t\t\t\t<\/div>\n\t\t<\/div>\n\t\t\t\t\t<\/div>\n\t\t<\/section>\n\t\t\t\t<\/div>\n\t\t","protected":false},"excerpt":{"rendered":"<p>Wir, die Kanzlei Stumpp &#8211; Stuttgart sind eine langj\u00e4hrig in Stuttgart ans\u00e4ssige Anwalts- und Notarkanzlei. Zur Verst\u00e4rkung unseres Mitarbeiterteams suchen wir ab sofort eine\/n Rechtsanwaltsfachangestellte\/n oder\u00a0 Kauffrau\/mann f\u00fcr B\u00fcrokommunikation (m\/w\/d) in Vollzeit, gerne auch eine\/n Berufsanf\u00e4nger\/in. Ihre Aufgaben: Die Bearbeitung<\/p>\n","protected":false},"author":3,"featured_media":0,"parent":0,"menu_order":0,"comment_status":"closed","ping_status":"closed","template":"","meta":{"footnotes":""},"class_list":["post-1033","page","type-page","status-publish","hentry"],"yoast_head":"<!-- This site is optimized with the Yoast SEO plugin v27.5 - https:\/\/yoast.com\/product\/yoast-seo-wordpress\/ -->\n<title>Karriere -<\/title>\n<meta name=\"robots\" content=\"index, follow, max-snippet:-1, max-image-preview:large, max-video-preview:-1\" \/>\n<link rel=\"canonical\" href=\"https:\/\/stumpp-stuttgart.de\/index.php\/karriere\/\" \/>\n<meta property=\"og:locale\" content=\"de_DE\" \/>\n<meta property=\"og:type\" content=\"article\" \/>\n<meta property=\"og:title\" content=\"Karriere -\" \/>\n<meta property=\"og:description\" content=\"Wir, die Kanzlei Stumpp &#8211; Stuttgart sind eine langj\u00e4hrig in Stuttgart ans\u00e4ssige Anwalts- und Notarkanzlei. Zur Verst\u00e4rkung unseres Mitarbeiterteams suchen wir ab sofort eine\/n Rechtsanwaltsfachangestellte\/n oder\u00a0 Kauffrau\/mann f\u00fcr B\u00fcrokommunikation (m\/w\/d) in Vollzeit, gerne auch eine\/n Berufsanf\u00e4nger\/in. Ihre Aufgaben: Die Bearbeitung\" \/>\n<meta property=\"og:url\" content=\"https:\/\/stumpp-stuttgart.de\/index.php\/karriere\/\" \/>\n<meta property=\"article:modified_time\" content=\"2024-08-27T05:18:34+00:00\" \/>\n<meta property=\"og:image\" content=\"https:\/\/stumpp-stuttgart.de\/wp-content\/uploads\/2020\/04\/schmalNeu2.jpg\" \/>\n<meta name=\"twitter:card\" content=\"summary_large_image\" \/>\n<meta name=\"twitter:label1\" content=\"Gesch\u00e4tzte Lesezeit\" \/>\n\t<meta name=\"twitter:data1\" content=\"3\u00a0Minuten\" \/>\n<script type=\"application\/ld+json\" class=\"yoast-schema-graph\">{\"@context\":\"https:\\\/\\\/schema.org\",\"@graph\":[{\"@type\":\"WebPage\",\"@id\":\"https:\\\/\\\/stumpp-stuttgart.de\\\/index.php\\\/karriere\\\/\",\"url\":\"https:\\\/\\\/stumpp-stuttgart.de\\\/index.php\\\/karriere\\\/\",\"name\":\"Karriere -\",\"isPartOf\":{\"@id\":\"https:\\\/\\\/stumpp-stuttgart.de\\\/#website\"},\"primaryImageOfPage\":{\"@id\":\"https:\\\/\\\/stumpp-stuttgart.de\\\/index.php\\\/karriere\\\/#primaryimage\"},\"image\":{\"@id\":\"https:\\\/\\\/stumpp-stuttgart.de\\\/index.php\\\/karriere\\\/#primaryimage\"},\"thumbnailUrl\":\"https:\\\/\\\/stumpp-stuttgart.de\\\/wp-content\\\/uploads\\\/2020\\\/04\\\/schmalNeu2.jpg\",\"datePublished\":\"2023-05-30T07:16:54+00:00\",\"dateModified\":\"2024-08-27T05:18:34+00:00\",\"breadcrumb\":{\"@id\":\"https:\\\/\\\/stumpp-stuttgart.de\\\/index.php\\\/karriere\\\/#breadcrumb\"},\"inLanguage\":\"de\",\"potentialAction\":[{\"@type\":\"ReadAction\",\"target\":[\"https:\\\/\\\/stumpp-stuttgart.de\\\/index.php\\\/karriere\\\/\"]}]},{\"@type\":\"ImageObject\",\"inLanguage\":\"de\",\"@id\":\"https:\\\/\\\/stumpp-stuttgart.de\\\/index.php\\\/karriere\\\/#primaryimage\",\"url\":\"https:\\\/\\\/stumpp-stuttgart.de\\\/wp-content\\\/uploads\\\/2020\\\/04\\\/schmalNeu2.jpg\",\"contentUrl\":\"https:\\\/\\\/stumpp-stuttgart.de\\\/wp-content\\\/uploads\\\/2020\\\/04\\\/schmalNeu2.jpg\",\"width\":1400,\"height\":300},{\"@type\":\"BreadcrumbList\",\"@id\":\"https:\\\/\\\/stumpp-stuttgart.de\\\/index.php\\\/karriere\\\/#breadcrumb\",\"itemListElement\":[{\"@type\":\"ListItem\",\"position\":1,\"name\":\"Startseite\",\"item\":\"https:\\\/\\\/stumpp-stuttgart.de\\\/\"},{\"@type\":\"ListItem\",\"position\":2,\"name\":\"Karriere\"}]},{\"@type\":\"WebSite\",\"@id\":\"https:\\\/\\\/stumpp-stuttgart.de\\\/#website\",\"url\":\"https:\\\/\\\/stumpp-stuttgart.de\\\/\",\"name\":\"\",\"description\":\"Stumpp-Stuttgart   Anwalts- und Notarkanzlei\",\"potentialAction\":[{\"@type\":\"SearchAction\",\"target\":{\"@type\":\"EntryPoint\",\"urlTemplate\":\"https:\\\/\\\/stumpp-stuttgart.de\\\/?s={search_term_string}\"},\"query-input\":{\"@type\":\"PropertyValueSpecification\",\"valueRequired\":true,\"valueName\":\"search_term_string\"}}],\"inLanguage\":\"de\"}]}<\/script>\n<!-- \/ Yoast SEO plugin. -->","yoast_head_json":{"title":"Karriere -","robots":{"index":"index","follow":"follow","max-snippet":"max-snippet:-1","max-image-preview":"max-image-preview:large","max-video-preview":"max-video-preview:-1"},"canonical":"https:\/\/stumpp-stuttgart.de\/index.php\/karriere\/","og_locale":"de_DE","og_type":"article","og_title":"Karriere -","og_description":"Wir, die Kanzlei Stumpp &#8211; Stuttgart sind eine langj\u00e4hrig in Stuttgart ans\u00e4ssige Anwalts- und Notarkanzlei. Zur Verst\u00e4rkung unseres Mitarbeiterteams suchen wir ab sofort eine\/n Rechtsanwaltsfachangestellte\/n oder\u00a0 Kauffrau\/mann f\u00fcr B\u00fcrokommunikation (m\/w\/d) in Vollzeit, gerne auch eine\/n Berufsanf\u00e4nger\/in. Ihre Aufgaben: Die Bearbeitung","og_url":"https:\/\/stumpp-stuttgart.de\/index.php\/karriere\/","article_modified_time":"2024-08-27T05:18:34+00:00","og_image":[{"url":"https:\/\/stumpp-stuttgart.de\/wp-content\/uploads\/2020\/04\/schmalNeu2.jpg","type":"","width":"","height":""}],"twitter_card":"summary_large_image","twitter_misc":{"Gesch\u00e4tzte Lesezeit":"3\u00a0Minuten"},"schema":{"@context":"https:\/\/schema.org","@graph":[{"@type":"WebPage","@id":"https:\/\/stumpp-stuttgart.de\/index.php\/karriere\/","url":"https:\/\/stumpp-stuttgart.de\/index.php\/karriere\/","name":"Karriere -","isPartOf":{"@id":"https:\/\/stumpp-stuttgart.de\/#website"},"primaryImageOfPage":{"@id":"https:\/\/stumpp-stuttgart.de\/index.php\/karriere\/#primaryimage"},"image":{"@id":"https:\/\/stumpp-stuttgart.de\/index.php\/karriere\/#primaryimage"},"thumbnailUrl":"https:\/\/stumpp-stuttgart.de\/wp-content\/uploads\/2020\/04\/schmalNeu2.jpg","datePublished":"2023-05-30T07:16:54+00:00","dateModified":"2024-08-27T05:18:34+00:00","breadcrumb":{"@id":"https:\/\/stumpp-stuttgart.de\/index.php\/karriere\/#breadcrumb"},"inLanguage":"de","potentialAction":[{"@type":"ReadAction","target":["https:\/\/stumpp-stuttgart.de\/index.php\/karriere\/"]}]},{"@type":"ImageObject","inLanguage":"de","@id":"https:\/\/stumpp-stuttgart.de\/index.php\/karriere\/#primaryimage","url":"https:\/\/stumpp-stuttgart.de\/wp-content\/uploads\/2020\/04\/schmalNeu2.jpg","contentUrl":"https:\/\/stumpp-stuttgart.de\/wp-content\/uploads\/2020\/04\/schmalNeu2.jpg","width":1400,"height":300},{"@type":"BreadcrumbList","@id":"https:\/\/stumpp-stuttgart.de\/index.php\/karriere\/#breadcrumb","itemListElement":[{"@type":"ListItem","position":1,"name":"Startseite","item":"https:\/\/stumpp-stuttgart.de\/"},{"@type":"ListItem","position":2,"name":"Karriere"}]},{"@type":"WebSite","@id":"https:\/\/stumpp-stuttgart.de\/#website","url":"https:\/\/stumpp-stuttgart.de\/","name":"","description":"Stumpp-Stuttgart   Anwalts- und Notarkanzlei","potentialAction":[{"@type":"SearchAction","target":{"@type":"EntryPoint","urlTemplate":"https:\/\/stumpp-stuttgart.de\/?s={search_term_string}"},"query-input":{"@type":"PropertyValueSpecification","valueRequired":true,"valueName":"search_term_string"}}],"inLanguage":"de"}]}},"_links":{"self":[{"href":"https:\/\/stumpp-stuttgart.de\/index.php\/wp-json\/wp\/v2\/pages\/1033","targetHints":{"allow":["GET"]}}],"collection":[{"href":"https:\/\/stumpp-stuttgart.de\/index.php\/wp-json\/wp\/v2\/pages"}],"about":[{"href":"https:\/\/stumpp-stuttgart.de\/index.php\/wp-json\/wp\/v2\/types\/page"}],"author":[{"embeddable":true,"href":"https:\/\/stumpp-stuttgart.de\/index.php\/wp-json\/wp\/v2\/users\/3"}],"replies":[{"embeddable":true,"href":"https:\/\/stumpp-stuttgart.de\/index.php\/wp-json\/wp\/v2\/comments?post=1033"}],"version-history":[{"count":2,"href":"https:\/\/stumpp-stuttgart.de\/index.php\/wp-json\/wp\/v2\/pages\/1033\/revisions"}],"predecessor-version":[{"id":1084,"href":"https:\/\/stumpp-stuttgart.de\/index.php\/wp-json\/wp\/v2\/pages\/1033\/revisions\/1084"}],"wp:attachment":[{"href":"https:\/\/stumpp-stuttgart.de\/index.php\/wp-json\/wp\/v2\/media?parent=1033"}],"curies":[{"name":"wp","href":"https:\/\/api.w.org\/{rel}","templated":true}]}}